{"id":128,"date":"2025-04-08T10:31:41","date_gmt":"2025-04-08T10:31:41","guid":{"rendered":"https:\/\/www.kem.website.tuke.sk\/?page_id=128"},"modified":"2026-02-26T13:20:00","modified_gmt":"2026-02-26T13:20:00","slug":"doktorandske-studium","status":"publish","type":"page","link":"https:\/\/www.kem.website.tuke.sk\/index.php\/informacie-o-studiu\/doktorandske-studium\/","title":{"rendered":"Doktorandsk\u00e9 \u0161t\u00fadium"},"content":{"rendered":"<h4>Priemyseln\u00e1 elektrotechnika<\/h4>\n<h5 style=\"text-align: justify;\">Profil absolventa:<\/h5>\n<p style=\"text-align: justify;\">Absolvent tretieho stup\u0148a vysoko\u0161kolsk\u00e9ho \u0161t\u00fadia \u0161tudijn\u00e9ho programu <strong>Priemyseln\u00e1 elektrotechnika<\/strong> dok\u00e1\u017ee vykon\u00e1va\u0165 v\u00fdskum s vysokou mierou tvorivosti a samostatnosti. D\u00f4raz sa kladie na to, aby absolvent z\u00edskal hlbok\u00e9 znalosti jednak z niektorej z teoretick\u00fdch a tie\u017e z niektorej z metodologick\u00fdch oblast\u00ed v\u00fdkonovej elektroniky, ak\u010dn\u00fdch \u010dlenov a pohonov, \u010d\u00edslicovej elektroniky, syst\u00e9mov a met\u00f3d automatick\u00e9ho a inteligentn\u00e9ho riadenia aplikovan\u00fdch pri navrhovan\u00ed, kon\u0161truovan\u00ed a udr\u017eiavan\u00ed rozsiahlych technick\u00fdch rie\u0161en\u00ed zah\u0155\u0148aj\u00facich elektrotechnick\u00e9 s\u00fastavy. Absolvent m\u00f4\u017ee budova\u0165 vedeck\u00fa perspekt\u00edvu v celej \u0161k\u00e1le aplik\u00e1ci\u00ed zlo\u017eit\u00fdch elektromechanick\u00fdch syst\u00e9mov.<\/p>\n<p style=\"text-align: justify;\">Absolvent doktorandsk\u00e9ho \u0161tudijn\u00e9ho programu ovl\u00e1da vedeck\u00e9 met\u00f3dy anal\u00fdzy, modelovania a simul\u00e1cie zlo\u017eit\u00fdch elektrotechnick\u00fdch syst\u00e9mov a m\u00e1 vybran\u00e9 vedomosti zameran\u00e9 na n\u00e1vrh a projektovanie najmodernej\u0161\u00edch elektromechanick\u00fdch zariaden\u00ed ako aj na ich spojit\u00e9, diskr\u00e9tne a inteligentn\u00e9 riadiace syst\u00e9my. Takto z\u00edskan\u00e9 komplexn\u00e9 znalosti umo\u017enia absolventovi analyzova\u0165 predlo\u017een\u00e9 alternat\u00edvy rie\u0161enia a s podporou modern\u00fdch matematick\u00fdch, diagnostick\u00fdch a simula\u010dn\u00fdch met\u00f3d nach\u00e1dza\u0165 efekt\u00edvne rie\u0161enia pri navrhovan\u00ed, kon\u0161truovan\u00ed a udr\u017eiavan\u00ed rozsiahlych technick\u00fdch rie\u0161en\u00ed zah\u0155\u0148aj\u00facich elektrotechnick\u00e9 s\u00fastavy.<\/p>\n<ul>\n<li style=\"text-align: justify;\">Absolvent 3. stupe\u0148a \u0161t\u00fadia m\u00e1 hlbok\u00e9 teoreticko-metodologick\u00e9 vedomosti z k\u013e\u00fa\u010dov\u00fdch oblast\u00ed silnopr\u00fadovej elektrotechniky na \u00farovni s\u00fa\u010dasn\u00e9ho stavu svetov\u00e9ho v\u00fdskumu, tvorivo aplikuje z\u00edskan\u00e9 poznatky v praxi, vie analyzova\u0165 a rie\u0161i\u0165 ne\u0161tandardn\u00e9 probl\u00e9my informatick\u00e9ho charakteru a rie\u0161enia aplikova\u0165 v praxi.<\/li>\n<li style=\"text-align: justify;\">Absolvent 3. stupe\u0148a \u0161t\u00fadia z\u00edska schopnos\u0165 analyzova\u0165 ne\u0161tandardn\u00e9 elektrotechnick\u00e9 syst\u00e9my a probl\u00e9my z h\u013eadiska s\u00fa\u010dasn\u00e9ho stavu v\u00fdskumu.<\/li>\n<li style=\"text-align: justify;\">Absolvent 3. stupe\u0148a \u0161t\u00fadia dok\u00e1\u017ee samostatne vedecky pracova\u0165 a vies\u0165 odborn\u00fd a v\u00fdvojov\u00fd t\u00edm, sleduje najnov\u0161\u00ed v\u00fdvoj vo svojej oblasti a celo\u017eivotne si dop\u013a\u0148a svoje znalosti na \u00farovni s\u00fa\u010dasn\u00e9ho stavu vo svete.<\/li>\n<\/ul>\n<p style=\"text-align: justify;\"><a href=\"https:\/\/www.kem.website.tuke.sk\/wp-content\/uploads\/2026\/02\/3-Podmienky-prijatia-PhD-fei-2026-2027.pdf\" target=\"_blank\" rel=\"noopener\">V\u0160EOBECN\u00c9 PODMIENKY PRIJATIA NA \u0160T\u00daDIUM 3. STUP\u0147A &#8211; DOKTORANDSK\u00c9 \u0160T\u00daDIUM NA FEI TU V KO\u0160ICIACH V AKADEMICKOM ROKU 2026\/2027<\/a><\/p>\n","protected":false},"excerpt":{"rendered":"<p>Priemyseln\u00e1 elektrotechnika Profil absolventa: Absolvent tretieho stup\u0148a vysoko\u0161kolsk\u00e9ho \u0161t\u00fadia \u0161tudijn\u00e9ho programu Priemyseln\u00e1 elektrotechnika dok\u00e1\u017ee vykon\u00e1va\u0165 v\u00fdskum s vysokou mierou tvorivosti a samostatnosti. D\u00f4raz sa kladie na to, aby absolvent z\u00edskal hlbok\u00e9 znalosti jednak z niektorej z teoretick\u00fdch a tie\u017e z niektorej z metodologick\u00fdch oblast\u00ed v\u00fdkonovej elektroniky, ak\u010dn\u00fdch \u010dlenov a pohonov, \u010d\u00edslicovej elektroniky, syst\u00e9mov a met\u00f3d [&hellip;]<\/p>\n","protected":false},"author":1,"featured_media":0,"parent":130,"menu_order":0,"comment_status":"closed","ping_status":"closed","template":"","meta":{"footnotes":""},"class_list":["post-128","page","type-page","status-publish","hentry"],"_links":{"self":[{"href":"https:\/\/www.kem.website.tuke.sk\/index.php\/wp-json\/wp\/v2\/pages\/128","targetHints":{"allow":["GET"]}}],"collection":[{"href":"https:\/\/www.kem.website.tuke.sk\/index.php\/wp-json\/wp\/v2\/pages"}],"about":[{"href":"https:\/\/www.kem.website.tuke.sk\/index.php\/wp-json\/wp\/v2\/types\/page"}],"author":[{"embeddable":true,"href":"https:\/\/www.kem.website.tuke.sk\/index.php\/wp-json\/wp\/v2\/users\/1"}],"replies":[{"embeddable":true,"href":"https:\/\/www.kem.website.tuke.sk\/index.php\/wp-json\/wp\/v2\/comments?post=128"}],"version-history":[{"count":5,"href":"https:\/\/www.kem.website.tuke.sk\/index.php\/wp-json\/wp\/v2\/pages\/128\/revisions"}],"predecessor-version":[{"id":726,"href":"https:\/\/www.kem.website.tuke.sk\/index.php\/wp-json\/wp\/v2\/pages\/128\/revisions\/726"}],"up":[{"embeddable":true,"href":"https:\/\/www.kem.website.tuke.sk\/index.php\/wp-json\/wp\/v2\/pages\/130"}],"wp:attachment":[{"href":"https:\/\/www.kem.website.tuke.sk\/index.php\/wp-json\/wp\/v2\/media?parent=128"}],"curies":[{"name":"wp","href":"https:\/\/api.w.org\/{rel}","templated":true}]}}