{"id":350,"date":"2025-05-13T11:20:42","date_gmt":"2025-05-13T11:20:42","guid":{"rendered":"https:\/\/www.kem.website.tuke.sk\/?page_id=350"},"modified":"2026-01-08T10:05:29","modified_gmt":"2026-01-08T10:05:29","slug":"na-stiahnutie","status":"publish","type":"page","link":"https:\/\/www.kem.website.tuke.sk\/index.php\/na-stiahnutie\/","title":{"rendered":"Na stiahnutie"},"content":{"rendered":"<ul>\n<li style=\"list-style-type: none;\">\n<ul>\n<li><span style=\"color: #ff6600;\"><a style=\"color: #ff6600;\" href=\"https:\/\/www.kem.website.tuke.sk\/wp-content\/uploads\/2025\/05\/Sablona_prezentacia_SK.pptx\" target=\"_blank\" rel=\"noopener\">\u0160abl\u00f3na pre prezent\u00e1cie &#8211; SK verzia<\/a><\/span><\/li>\n<li><span style=\"color: #ff6600;\"><a style=\"color: #ff6600;\" href=\"https:\/\/www.kem.website.tuke.sk\/wp-content\/uploads\/2025\/05\/Sablona_prezentacia_EN.pptx\" target=\"_blank\" rel=\"noopener\">\u0160abl\u00f3na pre prezent\u00e1cie &#8211; EN verzia<\/a><\/span><\/li>\n<\/ul>\n<p>&nbsp;<\/p>\n<ul>\n<li><span style=\"color: #ff6600;\"><a style=\"color: #ff6600;\" href=\"https:\/\/www.kem.website.tuke.sk\/wp-content\/uploads\/2026\/01\/Sablona-MS-WORD-2023-SK.zip\" target=\"_blank\" rel=\"noopener\">\u0160abl\u00f3na pre z\u00e1vere\u010dn\u00e9 pr\u00e1ce WORD &#8211; SK verzia<\/a><\/span><\/li>\n<li><span style=\"color: #ff6600;\"><a style=\"color: #ff6600;\" href=\"https:\/\/www.kem.website.tuke.sk\/wp-content\/uploads\/2026\/01\/Sablona-MS-WORD-2023-EN.zip\" target=\"_blank\" rel=\"noopener\">\u0160abl\u00f3na pre z\u00e1vere\u010dn\u00e9 pr\u00e1ce WORD &#8211; EN verzia<\/a><\/span><\/li>\n<li><span style=\"color: #ff6600;\"><a style=\"color: #ff6600;\" href=\"https:\/\/www.kem.website.tuke.sk\/wp-content\/uploads\/2026\/01\/Sablona-LaTeX-WIN-a-LIN-UTF-8-SK.zip\" target=\"_blank\" rel=\"noopener\">\u0160abl\u00f3na pre z\u00e1vere\u010dn\u00e9 pr\u00e1ce LaTeX &#8211; SK verzia<\/a><\/span><\/li>\n<li><span style=\"color: #ff6600;\"><a style=\"color: #ff6600;\" href=\"https:\/\/www.kem.website.tuke.sk\/wp-content\/uploads\/2026\/01\/Sablona-LaTeX-WIN-a-LIN-UTF-8-EN.zip\" target=\"_blank\" rel=\"noopener\">\u0160abl\u00f3na pre z\u00e1vere\u010dn\u00e9 pr\u00e1ce LaTeX &#8211; EN verzia<\/a><\/span><\/li>\n<\/ul>\n<\/li>\n<\/ul>\n","protected":false},"excerpt":{"rendered":"<p>\u0160abl\u00f3na pre prezent\u00e1cie &#8211; SK verzia \u0160abl\u00f3na pre prezent\u00e1cie &#8211; EN verzia &nbsp; \u0160abl\u00f3na pre z\u00e1vere\u010dn\u00e9 pr\u00e1ce WORD &#8211; SK verzia \u0160abl\u00f3na pre z\u00e1vere\u010dn\u00e9 pr\u00e1ce WORD &#8211; EN verzia \u0160abl\u00f3na pre z\u00e1vere\u010dn\u00e9 pr\u00e1ce LaTeX &#8211; SK verzia \u0160abl\u00f3na pre z\u00e1vere\u010dn\u00e9 pr\u00e1ce LaTeX &#8211; EN verzia<\/p>\n","protected":false},"author":1,"featured_media":0,"parent":0,"menu_order":0,"comment_status":"closed","ping_status":"closed","template":"","meta":{"footnotes":""},"class_list":["post-350","page","type-page","status-publish","hentry"],"_links":{"self":[{"href":"https:\/\/www.kem.website.tuke.sk\/index.php\/wp-json\/wp\/v2\/pages\/350","targetHints":{"allow":["GET"]}}],"collection":[{"href":"https:\/\/www.kem.website.tuke.sk\/index.php\/wp-json\/wp\/v2\/pages"}],"about":[{"href":"https:\/\/www.kem.website.tuke.sk\/index.php\/wp-json\/wp\/v2\/types\/page"}],"author":[{"embeddable":true,"href":"https:\/\/www.kem.website.tuke.sk\/index.php\/wp-json\/wp\/v2\/users\/1"}],"replies":[{"embeddable":true,"href":"https:\/\/www.kem.website.tuke.sk\/index.php\/wp-json\/wp\/v2\/comments?post=350"}],"version-history":[{"count":4,"href":"https:\/\/www.kem.website.tuke.sk\/index.php\/wp-json\/wp\/v2\/pages\/350\/revisions"}],"predecessor-version":[{"id":683,"href":"https:\/\/www.kem.website.tuke.sk\/index.php\/wp-json\/wp\/v2\/pages\/350\/revisions\/683"}],"wp:attachment":[{"href":"https:\/\/www.kem.website.tuke.sk\/index.php\/wp-json\/wp\/v2\/media?parent=350"}],"curies":[{"name":"wp","href":"https:\/\/api.w.org\/{rel}","templated":true}]}}