{"id":403,"date":"2025-09-23T12:53:49","date_gmt":"2025-09-23T12:53:49","guid":{"rendered":"https:\/\/www.kem.website.tuke.sk\/?page_id=403"},"modified":"2025-09-24T03:19:30","modified_gmt":"2025-09-24T03:19:30","slug":"tvorba-pouzivatelskych-rozhrani","status":"publish","type":"page","link":"https:\/\/www.kem.website.tuke.sk\/index.php\/predmety\/tvorba-pouzivatelskych-rozhrani\/","title":{"rendered":"Tvorba pou\u017e\u00edvate\u013esk\u00fdch rozhran\u00ed"},"content":{"rendered":"<h4 style=\"text-align: justify;\">Tvorba pou\u017e\u00edvate\u013esk\u00fdch rozhran\u00ed:<\/h4>\n<p style=\"text-align: justify;\">Cie\u013eom predmetu je obozn\u00e1mi\u0165 \u0161tudentov so z\u00e1kladn\u00fdmi princ\u00edpmi a \u00falohami realiz\u00e1cie interfejsu v syst\u00e9moch MMI (Man Machine Interfejs). S\u00fa tu preberan\u00e9 z\u00e1kladn\u00e9 aspekty vizualiz\u00e1cie technologick\u00fdch procesov s d\u00f4razom na praktick\u00fa realiz\u00e1ciu a s t\u00fdm spojen\u00fa tvorbu aplik\u00e1ci\u00ed v syst\u00e9me Control Web 6. \u0160tudenti sa nau\u010dia v\u0161eobecn\u00e9 princ\u00edpy n\u00e1vrhu interfejsu, z\u00e1kladn\u00fa filozofiu pr\u00e1ce a technol\u00f3giu vizu\u00e1lneho programovania, vymedzenie z\u00e1kladn\u00fdch cie\u013eov a funkci\u00ed vizualiza\u010dn\u00e9ho syst\u00e9mu s oh\u013eadom na ergonomick\u00e9 a psychologick\u00e9 h\u013eadisk\u00e1. \u0160tudenti bud\u00fa vedie\u0165 vytv\u00e1ra\u0165 aplik\u00e1cie pre monitorovanie a riadenie technologick\u00fdch procesov pomocou objektovo orientovan\u00e9ho programovania a aplik\u00e1cie pre vzdialen\u00fa vizualiz\u00e1ciu procesov po sieti.<\/p>\n<hr \/>\n<p><strong>Stru\u010dn\u00e1 osnova predmetu:<\/strong><\/p>\n<ol>\n<li>Syst\u00e9my MMI, z\u00e1kladn\u00e9 funkcie a \u00falohy syst\u00e9mov MMI, rozdelenie podsyst\u00e9mov syst\u00e9mu MMI a ich charakteristika, oper\u00e1torsk\u00e9 a in\u017einierske funkcie syst\u00e9mu MMI, podsyst\u00e9m MMI pre \u00fadr\u017ebu a jeho funkcie<\/li>\n<li>Z\u00e1sady tvorby pou\u017e\u00edvate\u013esk\u00fdch rozhran\u00ed, princ\u00edpy ich generovania, z\u00e1kladn\u00e9 ciele a funkcie vizualiza\u010dn\u00e9ho procesu<\/li>\n<li>\u0160trukt\u00fara technologick\u00e9ho procesu s vizualiz\u00e1ciou, Ergonomick\u00e9 a soci\u00e1lne aspekty. Nov\u00e9 trendy v oblasti MMI<\/li>\n<li>Tvorba vizualiza\u010dn\u00fdch aplik\u00e1ci\u00ed v programe Conrol Web 6. Popis inteligentn\u00e9ho v\u00fdvojov\u00e9ho prostredia, grafick\u00fd editor, panely a virtu\u00e1lne pr\u00edstroje<\/li>\n<li>Nespojit\u00e9 a spojit\u00e9 pr\u00edstroje, \u010dasovanie aplik\u00e1ci\u00ed, ovl\u00e1da\u010de a kan\u00e1ly, syst\u00e9mov\u00e9 premenn\u00e9.<\/li>\n<li>Programovanie a proced\u00fary OCL<\/li>\n<li>Anim\u00e1cie a sch\u00e9my, modul\u00e1rne a distribuovan\u00e9 aplik\u00e1cie<\/li>\n<li>Tvorba vzdialen\u00fdch aplik\u00e1ci\u00ed (Internet), objekty Active X a SQL<\/li>\n<\/ol>\n<hr \/>\n<p><strong>\u0160tudijn\u00e9 materi\u00e1ly:<\/strong><\/p>\n<ul>\n<li><span style=\"color: #ff6600;\"><a style=\"color: #ff6600;\" href=\"https:\/\/www.kem.website.tuke.sk\/wp-content\/uploads\/2025\/09\/PR1.pdf\" target=\"_blank\" rel=\"noopener\">Predn\u00e1\u0161ka PR1<\/a><\/span><\/li>\n<li><span style=\"color: #ff6600;\"><a style=\"color: #ff6600;\" href=\"https:\/\/www.kem.website.tuke.sk\/wp-content\/uploads\/2025\/09\/PR2.pdf\" target=\"_blank\" rel=\"noopener\">Predn\u00e1\u0161ka PR2<\/a><\/span><\/li>\n<li><span style=\"color: #ff6600;\"><a style=\"color: #ff6600;\" href=\"https:\/\/www.kem.website.tuke.sk\/wp-content\/uploads\/2025\/09\/PR3.pdf\" target=\"_blank\" rel=\"noopener\">Predn\u00e1\u0161ka PR3<\/a><\/span><\/li>\n<li><span style=\"color: #ff6600;\"><a style=\"color: #ff6600;\" href=\"https:\/\/www.kem.website.tuke.sk\/wp-content\/uploads\/2025\/09\/PR4.pdf\" target=\"_blank\" rel=\"noopener\">Predn\u00e1\u0161ka PR4<\/a><\/span><\/li>\n<li><span style=\"color: #ff6600;\"><a style=\"color: #ff6600;\" href=\"https:\/\/www.kem.website.tuke.sk\/wp-content\/uploads\/2025\/09\/PR5.pdf\" target=\"_blank\" rel=\"noopener\">Predn\u00e1\u0161ka PR5<\/a><\/span><\/li>\n<li><span style=\"color: #ff6600;\"><a style=\"color: #ff6600;\" href=\"https:\/\/www.kem.website.tuke.sk\/wp-content\/uploads\/2025\/09\/PR6.pdf\" target=\"_blank\" rel=\"noopener\">Predn\u00e1\u0161ka PR6<\/a><\/span><\/li>\n<li><span style=\"color: #ff6600;\"><a style=\"color: #ff6600;\" href=\"https:\/\/www.kem.website.tuke.sk\/wp-content\/uploads\/2025\/09\/Priklad_PR2.pdf\" target=\"_blank\" rel=\"noopener\">Pr\u00edklad PR2<\/a><\/span><\/li>\n<li><span style=\"color: #ff6600;\"><a style=\"color: #ff6600;\" href=\"https:\/\/www.kem.website.tuke.sk\/wp-content\/uploads\/2025\/09\/Priklad_PR3.pdf\" target=\"_blank\" rel=\"noopener\">Pr\u00edklad PR3<\/a><\/span><\/li>\n<li><span style=\"color: #ff6600;\"><a style=\"color: #ff6600;\" href=\"https:\/\/www.kem.website.tuke.sk\/wp-content\/uploads\/2025\/09\/Casovanie_aplikacii.pdf\" target=\"_blank\" rel=\"noopener\">\u010casovanie aplik\u00e1ci\u00ed<\/a><\/span><\/li>\n<li><span style=\"color: #ff6600;\"><a style=\"color: #ff6600;\" href=\"https:\/\/www.kem.website.tuke.sk\/wp-content\/uploads\/2025\/09\/Pristroj-program.pdf\" target=\"_blank\" rel=\"noopener\">Pr\u00edstroj program<\/a><\/span><\/li>\n<\/ul>\n","protected":false},"excerpt":{"rendered":"<p>Tvorba pou\u017e\u00edvate\u013esk\u00fdch rozhran\u00ed: Cie\u013eom predmetu je obozn\u00e1mi\u0165 \u0161tudentov so z\u00e1kladn\u00fdmi princ\u00edpmi a \u00falohami realiz\u00e1cie interfejsu v syst\u00e9moch MMI (Man Machine Interfejs). S\u00fa tu preberan\u00e9 z\u00e1kladn\u00e9 aspekty vizualiz\u00e1cie technologick\u00fdch procesov s d\u00f4razom na praktick\u00fa realiz\u00e1ciu a s t\u00fdm spojen\u00fa tvorbu aplik\u00e1ci\u00ed v syst\u00e9me Control Web 6. \u0160tudenti sa nau\u010dia v\u0161eobecn\u00e9 princ\u00edpy n\u00e1vrhu interfejsu, z\u00e1kladn\u00fa filozofiu pr\u00e1ce [&hellip;]<\/p>\n","protected":false},"author":1,"featured_media":0,"parent":168,"menu_order":0,"comment_status":"closed","ping_status":"closed","template":"","meta":{"footnotes":""},"class_list":["post-403","page","type-page","status-publish","hentry"],"_links":{"self":[{"href":"https:\/\/www.kem.website.tuke.sk\/index.php\/wp-json\/wp\/v2\/pages\/403","targetHints":{"allow":["GET"]}}],"collection":[{"href":"https:\/\/www.kem.website.tuke.sk\/index.php\/wp-json\/wp\/v2\/pages"}],"about":[{"href":"https:\/\/www.kem.website.tuke.sk\/index.php\/wp-json\/wp\/v2\/types\/page"}],"author":[{"embeddable":true,"href":"https:\/\/www.kem.website.tuke.sk\/index.php\/wp-json\/wp\/v2\/users\/1"}],"replies":[{"embeddable":true,"href":"https:\/\/www.kem.website.tuke.sk\/index.php\/wp-json\/wp\/v2\/comments?post=403"}],"version-history":[{"count":24,"href":"https:\/\/www.kem.website.tuke.sk\/index.php\/wp-json\/wp\/v2\/pages\/403\/revisions"}],"predecessor-version":[{"id":444,"href":"https:\/\/www.kem.website.tuke.sk\/index.php\/wp-json\/wp\/v2\/pages\/403\/revisions\/444"}],"up":[{"embeddable":true,"href":"https:\/\/www.kem.website.tuke.sk\/index.php\/wp-json\/wp\/v2\/pages\/168"}],"wp:attachment":[{"href":"https:\/\/www.kem.website.tuke.sk\/index.php\/wp-json\/wp\/v2\/media?parent=403"}],"curies":[{"name":"wp","href":"https:\/\/api.w.org\/{rel}","templated":true}]}}