{"id":477,"date":"2025-10-24T03:05:28","date_gmt":"2025-10-24T03:05:28","guid":{"rendered":"https:\/\/www.kem.website.tuke.sk\/?page_id=477"},"modified":"2026-04-17T08:12:17","modified_gmt":"2026-04-17T08:12:17","slug":"rada-studijneho-programu","status":"publish","type":"page","link":"https:\/\/www.kem.website.tuke.sk\/index.php\/rada-studijneho-programu\/","title":{"rendered":"Rada \u0161tudijn\u00e9ho programu"},"content":{"rendered":"<p><strong>Rada \u0161tudijn\u00e9ho programu<\/strong> (\u010falej Rada \u0160P) v r\u00e1mci procesov zabezpe\u010denia kvality:<\/p>\n<ul>\n<li><strong>priebe\u017ene monitoruje<\/strong> a <strong>periodicky hodnot\u00ed<\/strong> pr\u00edslu\u0161n\u00fd \u0160P a vyprac\u00fava jedenkr\u00e1t ro\u010dne Spr\u00e1vu o priebe\u017enom monitorovan\u00ed a periodickom hodnoten\u00ed \u0160P;<\/li>\n<li><strong>vyhodnocuje odborn\u00fa \u00farove\u0148 \u0160P<\/strong> v s\u00falade so s\u00fa\u010dasnou \u00farov\u0148ou vedeck\u00e9ho poznania;<\/li>\n<li><strong>prerok\u00fava z\u00e1mer roz\u0161\u00edrenia<\/strong>, <strong>zmeny<\/strong> a <strong>pred\u013a\u017eenie<\/strong> opr\u00e1vnenia <strong>uskuto\u010d\u0148ova\u0165 \u0160P<\/strong>, ako aj <strong>z\u00e1mer zru\u0161i\u0165 \u0160P<\/strong> z iniciat\u00edvy fakulty;<\/li>\n<li><strong>prerok\u00fava<\/strong> a <strong>schva\u013euje \u00fapravu \u0160P<\/strong> v rozsahu defin\u00edcie v \u00a7 2, p\u00edsmena g) z\u00e1kona \u010d. 269\/2018 Z. z. o zabezpe\u010dovan\u00ed kvality vysoko\u0161kolsk\u00e9ho vzdel\u00e1vania a o zmene a doplnen\u00ed z\u00e1kona \u010d. 343\/2015 Z. z. o verejnom obstar\u00e1van\u00ed a o zmene a doplnen\u00ed niektor\u00fdch z\u00e1konov v znen\u00ed neskor\u0161\u00edch predpisov;<\/li>\n<li><strong>prerok\u00fava<\/strong> a <strong>schva\u013euje <\/strong>so s\u00fahlasom dekana <strong>zmeny os\u00f4b zabezpe\u010duj\u00facich profilov\u00e9 predmety \u0160P<\/strong>;<\/li>\n<li><strong>prerok\u00fava<\/strong> a <strong>schva\u013euje<\/strong> <strong>zmeny \u0160P<\/strong>, ktor\u00e9 <strong>nemaj\u00fa z\u00e1sadn\u00fd vplyv na charakter \u0160P <\/strong>(aktualiz\u00e1cia vyu\u010duj\u00faceho, odpor\u00fa\u010danej literat\u00fary a hodnotenie predmetu a pod.);<\/li>\n<li><strong>vyprac\u00fava Vn\u00fatorn\u00fa hodnotiacu spr\u00e1vu \u0160P<\/strong> o naplnen\u00ed po\u017eiadaviek vypl\u00fdvaj\u00facich zo \u0161tandardov kvality \u0160P na TUKE.<\/li>\n<\/ul>\n<p><strong>Rada \u0160P<\/strong> je najmenej \u0161es\u0165\u010dlenn\u00e1 a pozost\u00e1va z:<\/p>\n<ul>\n<li>osoby zodpovednej za \u0160P, ktor\u00fd je jej predsedom;<\/li>\n<li>\u0161tyroch u\u010dite\u013eov zabezpe\u010duj\u00facich profilov\u00e9 predmety v danom \u0160P;<\/li>\n<li>jedn\u00e9ho z\u00e1stupcu \u0161tudentov za ka\u017ed\u00fd stupe\u0148 vzdel\u00e1vania;<\/li>\n<li>troch konzultantov ako z\u00e1stupcov extern\u00fdch zainteresovan\u00fdch str\u00e1n alebo absolventov dan\u00e9ho \u0160P.<\/li>\n<\/ul>\n<p><span style=\"color: #ff6600;\"><strong>Rada \u0160P pre Bc. \u0161tudijm\u00fd program &#8211; <a href=\"https:\/\/www.kem.website.tuke.sk\/index.php\/informacie-o-studiu\/bakalarske-studium\/\">Aplikovan\u00e1 elektrotechnika<\/a><\/strong><\/span><\/p>\n<ul style=\"list-style-type: square;\">\n<li><strong>prof. Ing. Daniela Perdukov\u00e1, PhD.<\/strong> &#8211; osoba zodpovedn\u00e1 za \u0160P \/ <a href=\"mailto:daniela.perdukova@tuke.sk\" target=\"_blank\" rel=\"noopener\">daniela.perdukova@tuke.sk<\/a><\/li>\n<li><strong>doc. Ing. Franti\u0161ek \u010eurovsk\u00fd, PhD.<\/strong> &#8211; osoba zabezpe\u010duj\u00faca profilov\u00fd predmet \/ <a href=\"mailto:franti\u0161ek.durovsky@tuke.sk\" target=\"_blank\" rel=\"noopener\">franti\u0161ek.durovsky@tuke.sk<\/a><\/li>\n<li><strong>doc. Ing. \u017delm\u00edra Ferkov\u00e1, PhD.<\/strong> &#8211; osoba zabezpe\u010duj\u00faca profilov\u00fd predmet \/ <a href=\"mailto:zelmira.ferkova@tuke.sk\" target=\"_blank\" rel=\"noopener\">zelmira.ferkova@tuke.sk<\/a><\/li>\n<li><strong>doc. Ing. Karol Kyslan, PhD.<\/strong> &#8211; osoba zabezpe\u010duj\u00faca profilov\u00fd predmet \/ <a href=\"mailto:karol.kyslan@tuke.sk\" target=\"_blank\" rel=\"noopener\">karol.kyslan@tuke.sk<\/a><\/li>\n<li><strong>doc. Ing. Marek P\u00e1stor, PhD.<\/strong> &#8211; osoba zabezpe\u010duj\u00faca profilov\u00fd predmet \/ <a href=\"mailto:marek.pastor@tuke.sk\">marek.pastor@tuke.sk<\/a><\/li>\n<li><strong>Tom\u00e1\u0161 Sedl\u00e1k<\/strong> &#8211; \u0161tudent 2.ro\u010dn\u00edka Bc. \u0161t\u00fadia \u0160P ApE\/ <a href=\"mailto:tomas.sedlak@student.tuke.sk\" target=\"_blank\" rel=\"noopener\">tomas.sedlak@student.tuke.sk<\/a><\/li>\n<li><strong>Ing. Mat\u00fa\u0161 Hric, PhD.<\/strong> &#8211; Siemens Healthineers s.r.o. Ko\u0161ice, ved\u00faci oddelenia Medical Electronic and Mechatronic, extern\u00fd \u010dlen \/ <a href=\"mailto:matus.hric@siemens-healthineers.com\">matus.hric@siemens-healthineers.com<\/a><\/li>\n<li><strong>Ing. Vladim\u00edr Slanina<\/strong> &#8211; Innomotics s.r.o., Ko\u0161ice, prokurista, extern\u00fd \u010dlen \/ <a href=\"mailto:vladimir.slanina@innomotics.com\">vladimir.slanina@innomotics.com<\/a><\/li>\n<li><strong>Ing. J\u00e1n Perdu\u013e\u00e1k, PhD.<\/strong> &#8211; KolTech s.r.o., Michalovce, konate\u013e, extern\u00fd \u010dlen \/ <a href=\"mailto:info@koltech.com\">info@koltech.com<\/a><\/li>\n<\/ul>\n<p><span style=\"color: #ff6600;\"><strong>Rada \u0160P pre Ing. \u0161tudijn\u00fd program &#8211; <a href=\"https:\/\/www.kem.website.tuke.sk\/index.php\/informacie-o-studiu\/inzinierske-studium\/\">Aplikovan\u00e1 elektrotechnika<\/a><\/strong><\/span><\/p>\n<ul style=\"list-style-type: square;\">\n<li><strong>prof. Ing. Daniela Perdukov\u00e1, PhD.<\/strong> &#8211; osoba zodpovedn\u00e1 za \u0160P \/ <a href=\"mailto:daniela.perdukova@tuke.sk\" target=\"_blank\" rel=\"noopener\">daniela.perdukova@tuke.sk<\/a><\/li>\n<li><strong>doc. Ing. Franti\u0161ek \u010eurovsk\u00fd, PhD.<\/strong> &#8211; osoba zabezpe\u010duj\u00faca profilov\u00fd predmet \/ <a href=\"mailto:franti\u0161ek.durovsky@tuke.sk\" target=\"_blank\" rel=\"noopener\">franti\u0161ek.durovsky@tuke.sk<\/a><\/li>\n<li><strong>doc. Ing. \u017delm\u00edra Ferkov\u00e1, PhD.<\/strong> &#8211; osoba zabezpe\u010duj\u00faca profilov\u00fd predmet \/ <a href=\"mailto:zelmira.ferkova@tuke.sk\" target=\"_blank\" rel=\"noopener\">zelmira.ferkova@tuke.sk<\/a><\/li>\n<li><strong>doc. Ing. Karol Kyslan, PhD.<\/strong> &#8211; osoba zabezpe\u010duj\u00faca profilov\u00fd predmet \/ <a href=\"mailto:karol.kyslan@tuke.sk\" target=\"_blank\" rel=\"noopener\">karol.kyslan@tuke.sk<\/a><\/li>\n<li><strong>doc. Ing. Marek P\u00e1stor, PhD.<\/strong> &#8211; osoba zabezpe\u010duj\u00faca profilov\u00fd predmet \/ <a href=\"mailto:marek.pastor@tuke.sk\">marek.pastor@tuke.sk<\/a><\/li>\n<li><strong>Bc. Teo Sokol<\/strong> &#8211; \u0161tudent 2.ro\u010dn\u00edka Ing. \u0161t\u00fadia\/ <a href=\"mailto:teo.sokol@student.tuke.sk\" target=\"_blank\" rel=\"noopener\">teo.sokol@student.tuke.sk<\/a><\/li>\n<li><strong>Ing. Mat\u00fa\u0161 Hric, PhD.<\/strong> &#8211; Siemens Healthineers s.r.o. Ko\u0161ice, ved\u00faci oddelenia Medical Electronic and Mechatronic, extern\u00fd \u010dlen \/ <a href=\"mailto:matus.hric@siemens-healthineers.com\">matus.hric@siemens-healthineers.com<\/a><\/li>\n<li><strong>Ing. Vladim\u00edr Slanina<\/strong> &#8211; Innomotics s.r.o., Ko\u0161ice, prokurista, extern\u00fd \u010dlen \/ <a href=\"mailto:vladimir.slanina@innomotics.com\">vladimir.slanina@innomotics.com<\/a><\/li>\n<li><strong>Ing. J\u00e1n Perdu\u013e\u00e1k, PhD.<\/strong> &#8211; KolTech s.r.o., Michalovce, konate\u013e, extern\u00fd \u010dlen \/ <a href=\"mailto:info@koltech.com\">info@koltech.com<\/a><\/li>\n<\/ul>\n","protected":false},"excerpt":{"rendered":"<p>Rada \u0161tudijn\u00e9ho programu (\u010falej Rada \u0160P) v r\u00e1mci procesov zabezpe\u010denia kvality: priebe\u017ene monitoruje a periodicky hodnot\u00ed pr\u00edslu\u0161n\u00fd \u0160P a vyprac\u00fava jedenkr\u00e1t ro\u010dne Spr\u00e1vu o priebe\u017enom monitorovan\u00ed a periodickom hodnoten\u00ed \u0160P; vyhodnocuje odborn\u00fa \u00farove\u0148 \u0160P v s\u00falade so s\u00fa\u010dasnou \u00farov\u0148ou vedeck\u00e9ho poznania; prerok\u00fava z\u00e1mer roz\u0161\u00edrenia, zmeny a pred\u013a\u017eenie opr\u00e1vnenia uskuto\u010d\u0148ova\u0165 \u0160P, ako aj z\u00e1mer zru\u0161i\u0165 \u0160P [&hellip;]<\/p>\n","protected":false},"author":1,"featured_media":0,"parent":0,"menu_order":0,"comment_status":"closed","ping_status":"closed","template":"","meta":{"footnotes":""},"class_list":["post-477","page","type-page","status-publish","hentry"],"_links":{"self":[{"href":"https:\/\/www.kem.website.tuke.sk\/index.php\/wp-json\/wp\/v2\/pages\/477","targetHints":{"allow":["GET"]}}],"collection":[{"href":"https:\/\/www.kem.website.tuke.sk\/index.php\/wp-json\/wp\/v2\/pages"}],"about":[{"href":"https:\/\/www.kem.website.tuke.sk\/index.php\/wp-json\/wp\/v2\/types\/page"}],"author":[{"embeddable":true,"href":"https:\/\/www.kem.website.tuke.sk\/index.php\/wp-json\/wp\/v2\/users\/1"}],"replies":[{"embeddable":true,"href":"https:\/\/www.kem.website.tuke.sk\/index.php\/wp-json\/wp\/v2\/comments?post=477"}],"version-history":[{"count":10,"href":"https:\/\/www.kem.website.tuke.sk\/index.php\/wp-json\/wp\/v2\/pages\/477\/revisions"}],"predecessor-version":[{"id":760,"href":"https:\/\/www.kem.website.tuke.sk\/index.php\/wp-json\/wp\/v2\/pages\/477\/revisions\/760"}],"wp:attachment":[{"href":"https:\/\/www.kem.website.tuke.sk\/index.php\/wp-json\/wp\/v2\/media?parent=477"}],"curies":[{"name":"wp","href":"https:\/\/api.w.org\/{rel}","templated":true}]}}