{"id":487,"date":"2025-10-24T03:28:15","date_gmt":"2025-10-24T03:28:15","guid":{"rendered":"https:\/\/www.kem.website.tuke.sk\/?page_id=487"},"modified":"2025-10-24T03:40:42","modified_gmt":"2025-10-24T03:40:42","slug":"studijne-plany","status":"publish","type":"page","link":"https:\/\/www.kem.website.tuke.sk\/index.php\/studijne-plany\/","title":{"rendered":"\u0160tudijn\u00e9 pl\u00e1ny"},"content":{"rendered":"<p><strong>1. stupe\u0148 \u0161t\u00fadia (Bakal\u00e1rske \u0161t\u00fadium &#8211; Bc.)<\/strong><\/p>\n<ul>\n<li>N\u00e1zov \u0161tudijn\u00e9ho programu: <a href=\"https:\/\/www.kem.website.tuke.sk\/index.php\/informacie-o-studiu\/bakalarske-studium\/\"><strong>Aplikovan\u00e1 elektrotechnika<\/strong><\/a><\/li>\n<li>N\u00e1zov \u0161tudijn\u00e9ho odboru: <strong>Elektrotechnika<\/strong><\/li>\n<li>Forma \u0161t\u00fadia: <strong>denn\u00e1<\/strong><\/li>\n<li>\u0160tandardn\u00e1 d\u013a\u017eka \u0161t\u00fadia: <strong>3 roky<\/strong><\/li>\n<\/ul>\n<p style=\"padding-left: 40px;\"><a href=\"https:\/\/www.kem.website.tuke.sk\/wp-content\/uploads\/2025\/10\/OSP_SP_ApE_1_stupen_2025_2026.pdf\" target=\"_blank\" rel=\"noopener\"><strong><span style=\"color: #ff6600;\">Odpor\u00fa\u010dan\u00fd \u0161tudijn\u00fd pl\u00e1n<\/span><\/strong><\/a><\/p>\n<p>&nbsp;<\/p>\n<p><strong>2. stupe\u0148 \u0161t\u00fadia (In\u017einierske \u0161t\u00fadium &#8211; Ing.)<\/strong><\/p>\n<ul>\n<li>N\u00e1zov \u0161tudijn\u00e9ho programu: <a href=\"https:\/\/www.kem.website.tuke.sk\/index.php\/informacie-o-studiu\/inzinierske-studium\/\"><strong>Aplikovan\u00e1 elektrotechnika<\/strong><\/a><\/li>\n<li>N\u00e1zov \u0161tudijn\u00e9ho odboru: <strong>Elektrotechnika<\/strong><\/li>\n<li>Forma \u0161t\u00fadia: <strong>denn\u00e1<\/strong><\/li>\n<li>Met\u00f3da \u0161t\u00fadia: <strong>prezen\u010dn\u00e1, kombinovan\u00e1<\/strong><\/li>\n<li>\u0160tandardn\u00e1 d\u013a\u017eka \u0161t\u00fadia: <strong>2 roky<\/strong><\/li>\n<\/ul>\n<p style=\"padding-left: 40px;\"><a href=\"https:\/\/www.kem.website.tuke.sk\/wp-content\/uploads\/2025\/10\/OSP_SP_ApE_2_stupen_2025_2026.pdf\" target=\"_blank\" rel=\"noopener\"><strong><span style=\"color: #ff6600;\">Odpor\u00fa\u010dan\u00fd \u0161tudijn\u00fd pl\u00e1n<\/span><\/strong><\/a><\/p>\n","protected":false},"excerpt":{"rendered":"<p>1. stupe\u0148 \u0161t\u00fadia (Bakal\u00e1rske \u0161t\u00fadium &#8211; Bc.) N\u00e1zov \u0161tudijn\u00e9ho programu: Aplikovan\u00e1 elektrotechnika N\u00e1zov \u0161tudijn\u00e9ho odboru: Elektrotechnika Forma \u0161t\u00fadia: denn\u00e1 \u0160tandardn\u00e1 d\u013a\u017eka \u0161t\u00fadia: 3 roky Odpor\u00fa\u010dan\u00fd \u0161tudijn\u00fd pl\u00e1n &nbsp; 2. stupe\u0148 \u0161t\u00fadia (In\u017einierske \u0161t\u00fadium &#8211; Ing.) N\u00e1zov \u0161tudijn\u00e9ho programu: Aplikovan\u00e1 elektrotechnika N\u00e1zov \u0161tudijn\u00e9ho odboru: Elektrotechnika Forma \u0161t\u00fadia: denn\u00e1 Met\u00f3da \u0161t\u00fadia: prezen\u010dn\u00e1, kombinovan\u00e1 \u0160tandardn\u00e1 d\u013a\u017eka \u0161t\u00fadia: 2 [&hellip;]<\/p>\n","protected":false},"author":1,"featured_media":0,"parent":0,"menu_order":0,"comment_status":"closed","ping_status":"closed","template":"","meta":{"footnotes":""},"class_list":["post-487","page","type-page","status-publish","hentry"],"_links":{"self":[{"href":"https:\/\/www.kem.website.tuke.sk\/index.php\/wp-json\/wp\/v2\/pages\/487","targetHints":{"allow":["GET"]}}],"collection":[{"href":"https:\/\/www.kem.website.tuke.sk\/index.php\/wp-json\/wp\/v2\/pages"}],"about":[{"href":"https:\/\/www.kem.website.tuke.sk\/index.php\/wp-json\/wp\/v2\/types\/page"}],"author":[{"embeddable":true,"href":"https:\/\/www.kem.website.tuke.sk\/index.php\/wp-json\/wp\/v2\/users\/1"}],"replies":[{"embeddable":true,"href":"https:\/\/www.kem.website.tuke.sk\/index.php\/wp-json\/wp\/v2\/comments?post=487"}],"version-history":[{"count":12,"href":"https:\/\/www.kem.website.tuke.sk\/index.php\/wp-json\/wp\/v2\/pages\/487\/revisions"}],"predecessor-version":[{"id":502,"href":"https:\/\/www.kem.website.tuke.sk\/index.php\/wp-json\/wp\/v2\/pages\/487\/revisions\/502"}],"wp:attachment":[{"href":"https:\/\/www.kem.website.tuke.sk\/index.php\/wp-json\/wp\/v2\/media?parent=487"}],"curies":[{"name":"wp","href":"https:\/\/api.w.org\/{rel}","templated":true}]}}