{"id":504,"date":"2025-10-24T03:46:07","date_gmt":"2025-10-24T03:46:07","guid":{"rendered":"https:\/\/www.kem.website.tuke.sk\/?page_id=504"},"modified":"2025-10-24T03:54:36","modified_gmt":"2025-10-24T03:54:36","slug":"o-katedre","status":"publish","type":"page","link":"https:\/\/www.kem.website.tuke.sk\/index.php\/o-katedre\/","title":{"rendered":"O katedre"},"content":{"rendered":"<p style=\"text-align: justify;\">Katedra elektrotechniky a mechatroniky bola zalo\u017een\u00e1 pri zakladan\u00ed Fakulty elektrotechniky v roku 1969 ako <strong>Katedra elektrick\u00fdch pohonov<\/strong>, pri\u010dom p\u00f4vodne vzi\u0161la z <strong>Katedry elektrotechniky<\/strong> zriadenej pri zakladan\u00ed Technickej univerzity v Ko\u0161iciach v roku 1953. V priebehu rokov n\u00e1zov katedry bol nieko\u013ekokr\u00e1t zmenen\u00fd aby presnej\u0161ie vystihoval \u010dinnos\u0165 a rozvoj katedry. Odborn\u00e9 a praktick\u00e9 sk\u00fasenosti zamestnancov katedry zah\u0155\u0148aj\u00fa \u0161irok\u00fa oblas\u0165 elektrotechniky, vr\u00e1tane automobilov\u00e9ho priemyselu, elektrotechnick\u00e9ho priemyselu, mechatroniky, robotiky a tieto sk\u00fasenosti zamestnancov sa vyu\u017e\u00edvaj\u00fa aj pri v\u00fdu\u010dbe a v\u00fdskumu.<\/p>\n<p style=\"text-align: justify;\">V s\u00fa\u010dasnej dobe je katedra zodpovedn\u00e1 za vzdel\u00e1vanie a v\u00fdskumu v odbore elektrotechnika, najm\u00e4 v oblastiach v\u00fdkonovej a priemyselnej elektroniky, elektrick\u00fdch strojov a pr\u00edstrojov, sn\u00edma\u010dov, elektromechanick\u00fdch syst\u00e9mov, regulovan\u00fdch pohonov, riadiacich syst\u00e9mov, priemyseln\u00fdch a automobilov\u00fdch mechatronick\u00fdch syst\u00e9mov so zameran\u00edm na pohony robotov. Katedra pon\u00faka v\u0161etky typy vysoko\u0161kolsk\u00fdch stup\u0148ov vzdelania a to v jednom bakal\u00e1rskom \u0161tudijnom programe, v jednom in\u017einierskom \u0161tudijnom programe a jednom doktorandskom \u0161tudijnom programe.<\/p>\n<p style=\"text-align: justify;\"><strong>M\u00ed\u013eniky rozvoja katedry:<\/strong><\/p>\n<ul>\n<li style=\"text-align: justify;\"><strong>1953<\/strong> \u2013 Zalo\u017eenie Katedry elektrotechniky na Strojn\u00edckej fakulte V\u0160T.<\/li>\n<li style=\"text-align: justify;\"><strong>1969<\/strong> \u2013 Katedra elektrick\u00fdch pohonov na Elektrotechnickej fakulte V\u0160T.<\/li>\n<li style=\"text-align: justify;\"><strong>1997<\/strong> \u2013 Laborat\u00f3rium priemyseln\u00e9ho in\u017einierstva.<\/li>\n<li style=\"text-align: justify;\"><strong>1999<\/strong> \u2013 Katedra elektrick\u00fdch pohonov a mechatroniky na Fakulte elektrotechniky a informatiky, Technickej univerzity v Ko\u0161iciach.<\/li>\n<li style=\"text-align: justify;\"><strong>2003<\/strong> \u2013 50. v\u00fdro\u010die zalo\u017eenia katedry.<\/li>\n<li style=\"text-align: justify;\"><strong>2005<\/strong> \u2013 Katedra elektrotechniky, mechatroniky a priemyseln\u00e9ho in\u017einierstva (KEMPI) na FEI TU v Ko\u0161iciach. Katedra v dne\u0161nej podobe a s nov\u00fdm n\u00e1zvom vznikla 1. 12. 2005 z dvoch predch\u00e1dzaj\u00facich \u00fatvarov:<\/li>\n<li style=\"list-style-type: none; text-align: justify;\">\n<ul style=\"list-style-type: square;\">\n<li>Katedry elektrick\u00fdch pohonov a mechatroniky (KEPM)<\/li>\n<li>Laborat\u00f3ria priemyseln\u00e9ho in\u017einierstva (LPI).<\/li>\n<\/ul>\n<\/li>\n<li style=\"text-align: justify;\"><strong>2010<\/strong> \u2013 Zmena n\u00e1zvu katedry \u2013 Katedra elektrotechniky a mechatroniky (KEM).<\/li>\n<li style=\"text-align: justify;\"><strong>2013<\/strong> &#8211; 60. v\u00fdro\u010die zalo\u017eenia katedry<\/li>\n<li style=\"text-align: justify;\"><strong>2023<\/strong> \u2013 70. v\u00fdro\u010die zalo\u017eenia katedry.<\/li>\n<\/ul>\n<p><strong>Doteraj\u0161\u00ed ved\u00faci katedry:<\/strong><\/p>\n<ul>\n<li><strong>prof. Ing. Franti\u0161ek Poliak<\/strong> \u2013 od zalo\u017eenia katedry a\u017e do roku 1979 Prof. Poliak sa v\u00fdznamnou mierou pr\u00ed\u010dinil o zalo\u017eenie Elektrotechnickej fakulty V\u0160T a bol jej prv\u00fdm dekanom (1969-1971).<\/li>\n<li><strong>doc. Ing. Jaroslav Timko, CSc.<\/strong> &#8211; v rokoch 1979-1989<\/li>\n<li><strong>doc. Ing. Jozef Fedor, PhD.<\/strong> \u2013 v rokoch 1990 \u2013 2003<\/li>\n<li><strong>doc. Ing. J\u00e1n Fetyko, PhD.<\/strong> \u2013 od roku 2003 \u2013 31.8.2005<\/li>\n<li><strong>doc. Ing. Viliam Fed\u00e1k, PhD.<\/strong> \u2013 od 1.9.2005 \u2013 30.11.2005 (poveren\u00fd veden\u00edm katedry)<\/li>\n<li><strong>doc. Ing. Michal Girman, PhD.<\/strong> \u2013 od 1.12.2005 \u2013 28.2.2013<\/li>\n<li><strong>prof. Ing. Daniela Perdukov\u00e1, PhD.<\/strong> \u2013 od 1.3.2013<strong><br \/>\n<\/strong><\/li>\n<\/ul>\n","protected":false},"excerpt":{"rendered":"<p>Katedra elektrotechniky a mechatroniky bola zalo\u017een\u00e1 pri zakladan\u00ed Fakulty elektrotechniky v roku 1969 ako Katedra elektrick\u00fdch pohonov, pri\u010dom p\u00f4vodne vzi\u0161la z Katedry elektrotechniky zriadenej pri zakladan\u00ed Technickej univerzity v Ko\u0161iciach v roku 1953. V priebehu rokov n\u00e1zov katedry bol nieko\u013ekokr\u00e1t zmenen\u00fd aby presnej\u0161ie vystihoval \u010dinnos\u0165 a rozvoj katedry. Odborn\u00e9 a praktick\u00e9 sk\u00fasenosti zamestnancov katedry zah\u0155\u0148aj\u00fa [&hellip;]<\/p>\n","protected":false},"author":1,"featured_media":0,"parent":0,"menu_order":0,"comment_status":"closed","ping_status":"closed","template":"","meta":{"footnotes":""},"class_list":["post-504","page","type-page","status-publish","hentry"],"_links":{"self":[{"href":"https:\/\/www.kem.website.tuke.sk\/index.php\/wp-json\/wp\/v2\/pages\/504","targetHints":{"allow":["GET"]}}],"collection":[{"href":"https:\/\/www.kem.website.tuke.sk\/index.php\/wp-json\/wp\/v2\/pages"}],"about":[{"href":"https:\/\/www.kem.website.tuke.sk\/index.php\/wp-json\/wp\/v2\/types\/page"}],"author":[{"embeddable":true,"href":"https:\/\/www.kem.website.tuke.sk\/index.php\/wp-json\/wp\/v2\/users\/1"}],"replies":[{"embeddable":true,"href":"https:\/\/www.kem.website.tuke.sk\/index.php\/wp-json\/wp\/v2\/comments?post=504"}],"version-history":[{"count":7,"href":"https:\/\/www.kem.website.tuke.sk\/index.php\/wp-json\/wp\/v2\/pages\/504\/revisions"}],"predecessor-version":[{"id":511,"href":"https:\/\/www.kem.website.tuke.sk\/index.php\/wp-json\/wp\/v2\/pages\/504\/revisions\/511"}],"wp:attachment":[{"href":"https:\/\/www.kem.website.tuke.sk\/index.php\/wp-json\/wp\/v2\/media?parent=504"}],"curies":[{"name":"wp","href":"https:\/\/api.w.org\/{rel}","templated":true}]}}