{"id":544,"date":"2025-12-01T18:37:06","date_gmt":"2025-12-01T18:37:06","guid":{"rendered":"https:\/\/www.kem.website.tuke.sk\/?page_id=544"},"modified":"2025-12-01T18:44:27","modified_gmt":"2025-12-01T18:44:27","slug":"zamestnanci","status":"publish","type":"page","link":"https:\/\/www.kem.website.tuke.sk\/index.php\/zamestnanci\/","title":{"rendered":"Zamestnanci"},"content":{"rendered":"<p style=\"text-align: justify;\">Na <strong>Katedre elektrotechniky a mechatroniky<\/strong> pracuje v s\u00fa\u010dasnosti 25 zamestnancov, vr\u00e1tane intern\u00fdch doktorandov. (2-profesori, 8-docentov, 3-odborn\u00ed asistenti, 3-v\u00fdskumn\u00ed pracovn\u00edci, 1-administrat\u00edvny zamestnanec a 8-intern\u00fdch doktorandov)<\/p>\n<p><strong>Vedenie katedry:<\/strong><\/p>\n<p>prof. Ing. Daniela Perdukov\u00e1, PhD. &#8211; ved\u00faca katedry<br \/>\ndoc. Ing. Franti\u0161ek \u010eurovsk\u00fd, PhD. &#8211; z\u00e1stupca ved\u00facej katedry<\/p>\n<p><strong>Sekretari\u00e1t:<\/strong><\/p>\n<p>Zuzana Olexov\u00e1<\/p>\n<p><strong>\u0160tudijn\u00fd poradca:<\/strong><\/p>\n<p>Ing. Peter Bober, PhD.<\/p>\n<hr \/>\n<p><strong>\u010clenovia katedry pod\u013ea pracovn\u00e9ho zaradenia:<\/strong><\/p>\n<p><strong>Profesori:<\/strong><\/p>\n<ul>\n<li>prof. Ing. Pavol Fedor, PhD.<\/li>\n<li>prof. Ing. Daniela Perdukov\u00e1, PhD.<\/li>\n<\/ul>\n<p><strong>Docenti:<\/strong><\/p>\n<ul>\n<li>doc. Ing. Franti\u0161ek \u010eurovsk\u00fd, PhD.<\/li>\n<li>doc. Ing. Peter Girovsk\u00fd, PhD.<\/li>\n<li>doc. Ing. \u017delm\u00edra Ferkov\u00e1, PhD.<\/li>\n<li>doc. Ing. J\u00e1n Ka\u0148uch, PhD.<\/li>\n<li>doc. Ing. Karol Kyslan, PhD.<\/li>\n<li>doc. Ing. Milan Lacko, PhD.<\/li>\n<li>doc. Ing. Marek P\u00e1stor, PhD.<\/li>\n<li>doc. Ing. Jaroslava \u017dilkov\u00e1, PhD.<\/li>\n<\/ul>\n<p><strong>Odborn\u00ed asistenti:<\/strong><\/p>\n<ul>\n<li>Ing. J\u00e1n Ba\u010d\u00edk, PhD.<\/li>\n<li>Ing. Peter Bober,PhD.<\/li>\n<li>Ing. Viktor \u0160lap\u00e1k, PhD.<\/li>\n<\/ul>\n<p><strong>V\u00fdskumn\u00ed pracovn\u00edci:<\/strong><\/p>\n<ul>\n<li>doc. Ing. Viliam Fed\u00e1k, PhD.<\/li>\n<li>doc. Ing. Michal Kosteln\u00fd, CSc.<\/li>\n<li>prof. Ing. Pavel Z\u00e1skalick\u00fd, PhD.<\/li>\n<\/ul>\n<p><strong>Administrat\u00edvny pracovn\u00edk:<\/strong><\/p>\n<ul>\n<li>Ing. Peter Hajs\u00e1k<\/li>\n<\/ul>\n<p><strong>Intern\u00ed doktorandi:<\/strong><\/p>\n<p><em>3. ro\u010dn\u00edk PhD. \u0161t\u00fadia:<\/em><\/p>\n<ul>\n<li>Ing. Tom\u00e1\u0161 Basarik<\/li>\n<li>Ing. Daniel Gordan<\/li>\n<li>Ing. Tade\u00e1\u0161 Kmec\u00edk<\/li>\n<\/ul>\n<p><em>2. ro\u010dn\u00edk PhD. \u0161t\u00fadia:<\/em><\/p>\n<ul>\n<li>Ing. Ladislav Hric<\/li>\n<li>Ing. Matej Hric<\/li>\n<\/ul>\n<p><em>1. ro\u010dn\u00edk PhD. \u0161t\u00fadia:<\/em><\/p>\n","protected":false},"excerpt":{"rendered":"<p>Na Katedre elektrotechniky a mechatroniky pracuje v s\u00fa\u010dasnosti 25 zamestnancov, vr\u00e1tane intern\u00fdch doktorandov. (2-profesori, 8-docentov, 3-odborn\u00ed asistenti, 3-v\u00fdskumn\u00ed pracovn\u00edci, 1-administrat\u00edvny zamestnanec a 8-intern\u00fdch doktorandov) Vedenie katedry: prof. Ing. Daniela Perdukov\u00e1, PhD. &#8211; ved\u00faca katedry doc. Ing. Franti\u0161ek \u010eurovsk\u00fd, PhD. &#8211; z\u00e1stupca ved\u00facej katedry Sekretari\u00e1t: Zuzana Olexov\u00e1 \u0160tudijn\u00fd poradca: Ing. Peter Bober, PhD. \u010clenovia katedry pod\u013ea [&hellip;]<\/p>\n","protected":false},"author":1,"featured_media":0,"parent":0,"menu_order":0,"comment_status":"closed","ping_status":"closed","template":"","meta":{"footnotes":""},"class_list":["post-544","page","type-page","status-publish","hentry"],"_links":{"self":[{"href":"https:\/\/www.kem.website.tuke.sk\/index.php\/wp-json\/wp\/v2\/pages\/544","targetHints":{"allow":["GET"]}}],"collection":[{"href":"https:\/\/www.kem.website.tuke.sk\/index.php\/wp-json\/wp\/v2\/pages"}],"about":[{"href":"https:\/\/www.kem.website.tuke.sk\/index.php\/wp-json\/wp\/v2\/types\/page"}],"author":[{"embeddable":true,"href":"https:\/\/www.kem.website.tuke.sk\/index.php\/wp-json\/wp\/v2\/users\/1"}],"replies":[{"embeddable":true,"href":"https:\/\/www.kem.website.tuke.sk\/index.php\/wp-json\/wp\/v2\/comments?post=544"}],"version-history":[{"count":3,"href":"https:\/\/www.kem.website.tuke.sk\/index.php\/wp-json\/wp\/v2\/pages\/544\/revisions"}],"predecessor-version":[{"id":549,"href":"https:\/\/www.kem.website.tuke.sk\/index.php\/wp-json\/wp\/v2\/pages\/544\/revisions\/549"}],"wp:attachment":[{"href":"https:\/\/www.kem.website.tuke.sk\/index.php\/wp-json\/wp\/v2\/media?parent=544"}],"curies":[{"name":"wp","href":"https:\/\/api.w.org\/{rel}","templated":true}]}}