{"id":550,"date":"2025-12-01T18:55:16","date_gmt":"2025-12-01T18:55:16","guid":{"rendered":"https:\/\/www.kem.website.tuke.sk\/?page_id=550"},"modified":"2025-12-02T05:12:05","modified_gmt":"2025-12-02T05:12:05","slug":"laboratoria","status":"publish","type":"page","link":"https:\/\/www.kem.website.tuke.sk\/index.php\/laboratoria\/","title":{"rendered":"Laborat\u00f3ri\u00e1"},"content":{"rendered":"<p style=\"text-align: justify;\">V s\u00fa\u010dastnosti m\u00e1 <strong>Katedra elektrotechniky a mechatroniky<\/strong> 12 \u0161pecializovan\u00fdch laborat\u00f3r\u00ed\u00ed a u\u010debn\u00ed. V\u00e4\u010d\u0161ina laborat\u00f3r\u00ed pre\u0161la v posledn\u00fdch rokoch rekon\u0161trukciou, v r\u00e1mci ktorej boli vybaven\u00e9 modernou technikou, \u010di u\u017e v spolupr\u00e1ci s firmami alebo v r\u00e1mci projektov rie\u0161en\u00fdch na katedre. Jednotliv\u00e9 laborat\u00f3ria pod\u013ea svojho zamerania sl\u00fa\u017eia na v\u00fdu\u010dbu \u0161tudentov v oblastiach ako automatiz\u00e1cia, v\u00fdkonov\u00e1 elektronika, robotika, automobilov\u00e1 elektrotechnika, pohon\u00e1rska alebo riadiaca technika.<\/p>\n<ul>\n<li><strong>L9-B204 |<\/strong>\u00a0<span style=\"color: #ff6600;\"><a style=\"color: #ff6600;\" href=\"https:\/\/www.kem.website.tuke.sk\/index.php\/seminarna-miestnost\/\">Semin\u00e1rna miestnos\u0165<\/a><\/span><\/li>\n<li><strong>L9-B216 |<\/strong>\u00a0<span style=\"color: #ff6600;\"><a style=\"color: #ff6600;\" href=\"https:\/\/www.kem.website.tuke.sk\/index.php\/laboratorium-elektrickych-pristrojov-a-aplikovanej-elektroniky\/\">Laborat\u00f3rium elektrick\u00fdch pr\u00edstrojov a aplikovanej elektroniky<\/a><\/span><\/li>\n<li><strong>L9-B219 |<\/strong>\u00a0<span style=\"color: #ff6600;\"><a style=\"color: #ff6600;\" href=\"https:\/\/www.kem.website.tuke.sk\/index.php\/bsh-laboratorium-riadenia-pohonov\/\">BSH laborat\u00f3rium riadenia pohonov<\/a><\/span><\/li>\n<li><strong>L9-B225 |<\/strong>\u00a0<span style=\"color: #ff6600;\"><a style=\"color: #ff6600;\" href=\"https:\/\/www.kem.website.tuke.sk\/index.php\/laboratorium-priemyselnej-automatizicie\/\">Laborat\u00f3rium priemyselnej automatiz\u00e1cie<\/a><\/span><\/li>\n<li><strong>L9-B226 |<\/strong>\u00a0<span style=\"color: #ff6600;\"><a style=\"color: #ff6600;\" href=\"https:\/\/www.kem.website.tuke.sk\/index.php\/laboratorium-vykonovej-elektroniky\/\">Laborat\u00f3rium v\u00fdkonovej elektroniky<\/a><\/span><\/li>\n<li><strong>L9-B228 |<\/strong>\u00a0<span style=\"color: #ff6600;\"><a style=\"color: #ff6600;\" href=\"https:\/\/www.kem.website.tuke.sk\/index.php\/laboratorium-simulacnych-systemov\/\">Laborat\u00f3rium simula\u010dn\u00fdch syst\u00e9mov<\/a><\/span><\/li>\n<li><strong>L9-B231 |<\/strong>\u00a0<span style=\"color: #ff6600;\"><a style=\"color: #ff6600;\" href=\"https:\/\/www.kem.website.tuke.sk\/index.php\/ucebna\/\">U\u010deb\u0148a (predn\u00e1\u0161kov\u00e1 miestnos\u0165)<\/a><\/span><\/li>\n<li><strong>L9-BS01 |<\/strong>\u00a0<span style=\"color: #ff6600;\"><a style=\"color: #ff6600;\" href=\"https:\/\/www.kem.website.tuke.sk\/index.php\/laboratorium-aplikacii-elektrickych-pohonov\/\">Laborat\u00f3rium aplik\u00e1ci\u00ed elektrick\u00fdch pohonov<\/a><\/span><\/li>\n<li><strong>L9-BS02 |<\/strong>\u00a0<span style=\"color: #ff6600;\"><a style=\"color: #ff6600;\" href=\"https:\/\/www.kem.website.tuke.sk\/index.php\/laboratorium-automobilovej-elektrotechniky\/\">Laborat\u00f3rium automobilovej elektrotechniky<\/a><\/span><\/li>\n<li><strong>L9-BS03 |<\/strong>\u00a0<span style=\"color: #ff6600;\"><a style=\"color: #ff6600;\" href=\"https:\/\/www.kem.website.tuke.sk\/index.php\/vyskumne-laboratorium\/\">V\u00fdskumn\u00e9 laborat\u00f3rium<\/a><\/span><\/li>\n<li><strong>L9-BS24 |<\/strong>\u00a0<span style=\"color: #ff6600;\"><a style=\"color: #ff6600;\" href=\"https:\/\/www.kem.website.tuke.sk\/index.php\/laboratorium-regulovanych-pohonov\/\">Laborat\u00f3rium regulovan\u00fdch pohonov<\/a><\/span><\/li>\n<li><strong>L9-BS26 |<\/strong>\u00a0<span style=\"color: #ff6600;\"><a style=\"color: #ff6600;\" href=\"https:\/\/www.kem.website.tuke.sk\/index.php\/laboratorium-elektrickych-pohonov\/\">Laborat\u00f3rium elektrick\u00fdch pohonov<\/a><\/span><\/li>\n<\/ul>\n","protected":false},"excerpt":{"rendered":"<p>V s\u00fa\u010dastnosti m\u00e1 Katedra elektrotechniky a mechatroniky 12 \u0161pecializovan\u00fdch laborat\u00f3r\u00ed\u00ed a u\u010debn\u00ed. V\u00e4\u010d\u0161ina laborat\u00f3r\u00ed pre\u0161la v posledn\u00fdch rokoch rekon\u0161trukciou, v r\u00e1mci ktorej boli vybaven\u00e9 modernou technikou, \u010di u\u017e v spolupr\u00e1ci s firmami alebo v r\u00e1mci projektov rie\u0161en\u00fdch na katedre. Jednotliv\u00e9 laborat\u00f3ria pod\u013ea svojho zamerania sl\u00fa\u017eia na v\u00fdu\u010dbu \u0161tudentov v oblastiach ako automatiz\u00e1cia, v\u00fdkonov\u00e1 elektronika, robotika, [&hellip;]<\/p>\n","protected":false},"author":1,"featured_media":0,"parent":0,"menu_order":0,"comment_status":"closed","ping_status":"closed","template":"","meta":{"footnotes":""},"class_list":["post-550","page","type-page","status-publish","hentry"],"_links":{"self":[{"href":"https:\/\/www.kem.website.tuke.sk\/index.php\/wp-json\/wp\/v2\/pages\/550","targetHints":{"allow":["GET"]}}],"collection":[{"href":"https:\/\/www.kem.website.tuke.sk\/index.php\/wp-json\/wp\/v2\/pages"}],"about":[{"href":"https:\/\/www.kem.website.tuke.sk\/index.php\/wp-json\/wp\/v2\/types\/page"}],"author":[{"embeddable":true,"href":"https:\/\/www.kem.website.tuke.sk\/index.php\/wp-json\/wp\/v2\/users\/1"}],"replies":[{"embeddable":true,"href":"https:\/\/www.kem.website.tuke.sk\/index.php\/wp-json\/wp\/v2\/comments?post=550"}],"version-history":[{"count":20,"href":"https:\/\/www.kem.website.tuke.sk\/index.php\/wp-json\/wp\/v2\/pages\/550\/revisions"}],"predecessor-version":[{"id":611,"href":"https:\/\/www.kem.website.tuke.sk\/index.php\/wp-json\/wp\/v2\/pages\/550\/revisions\/611"}],"wp:attachment":[{"href":"https:\/\/www.kem.website.tuke.sk\/index.php\/wp-json\/wp\/v2\/media?parent=550"}],"curies":[{"name":"wp","href":"https:\/\/api.w.org\/{rel}","templated":true}]}}