{"id":569,"date":"2025-12-01T19:42:22","date_gmt":"2025-12-01T19:42:22","guid":{"rendered":"https:\/\/www.kem.website.tuke.sk\/?page_id=569"},"modified":"2025-12-01T19:44:13","modified_gmt":"2025-12-01T19:44:13","slug":"laboratorium-vykonovej-elektroniky","status":"publish","type":"page","link":"https:\/\/www.kem.website.tuke.sk\/index.php\/laboratorium-vykonovej-elektroniky\/","title":{"rendered":"Laborat\u00f3rium v\u00fdkonovej elektroniky"},"content":{"rendered":"<p style=\"text-align: justify;\">&#8211; je ur\u010den\u00e9 na n\u00e1vrh, realiz\u00e1ciu, simul\u00e1ciu a merania obvodov riadiacej a v\u00fdkonovej elektroniky. Je vybaven\u00e9 osciloskopmi, regulovate\u013en\u00fdmi zdrojmi jednosmern\u00e9ho a striedav\u00e9ho nap\u00e4tia, umel\u00fdmi programovate\u013en\u00fdmi z\u00e1\u0165a\u017eami, v\u00fdkonov\u00fdmi analyz\u00e1tormi, sign\u00e1lov\u00fdmi gener\u00e1tormi a simula\u010dn\u00fdm softv\u00e9rom OrCAD PSpice. \u010ealej disponuje z\u00e1kladnou infra\u0161trukt\u00farou na v\u00fdrobu riadiacich a v\u00fdkonov\u00fdch DPS (UV osvit, leptacie zariadenie, sp\u00e1jkovacie centrum). Toto laborat\u00f3rium poskytuje \u0161pi\u010dkov\u00e9 vybavenie nielen na v\u00fdu\u010dbu, ale aj na rie\u0161enie z\u00e1vere\u010dn\u00fdch pr\u00e1c, semestr\u00e1lnych projektov a v\u00fdskumn\u00fdch \u00faloh.<\/p>\n<p style=\"text-align: justify;\"><strong>Ved\u00faci laborat\u00f3ria<\/strong> &#8211; doc. Ing. Milan Lacko, PhD.<\/p>\n<p style=\"text-align: justify;\"><strong><span style=\"text-decoration: underline;\">PREDMETY A V\u00ddSTUPY VZDEL\u00c1VANIA:<\/span><\/strong><\/p>\n<p style=\"text-align: justify;\"><strong>Bakal\u00e1rske \u0161t\u00fadium:<\/strong><\/p>\n<ul>\n<li style=\"text-align: justify;\">V\u00fdkonov\u00e1 elektronika (te\u00f3ria a vyu\u017eitie modern\u00fdch v\u00fdkonov\u00fdch polovodi\u010dov\u00fdch s\u00fa\u010diastok a sp\u00f4sobov premeny foriem a parametrov elektrickej energie pomocou v\u00fdkonov\u00fdch polovodi\u010dov\u00fdch meni\u010dov, anal\u00fdza priebehov nap\u00e4t\u00ed a pr\u00fadov vo v\u00fdkonov\u00fdch polovodi\u010dov\u00fdch meni\u010doch, v\u00fdpo\u010det stredn\u00fdch a efekt\u00edvnych hodn\u00f4t nap\u00e4t\u00ed a pr\u00fadov, pr\u00e1ca s modernou meracou technikou, zap\u00e1janie elektrick\u00fdch obvodov pod\u013ea sch\u00e9my zapojenia a anal\u00fdza ich vlastnosti).<\/li>\n<\/ul>\n<p style=\"text-align: justify;\"><strong>In\u017einierske \u0161t\u00fadium:<\/strong><\/p>\n<ul>\n<li style=\"text-align: justify;\">V\u00fdkonov\u00e9 polovodi\u010dov\u00e9 syst\u00e9my (modern\u00e9 usmer\u0148ova\u010dov\u00e9 syst\u00e9my frekven\u010dn\u00fdch a jednosmern\u00fdch meni\u010dov, meni\u010dov\u00e9 syst\u00e9my pre nap\u00e1jacie zdroje, aplik\u00e1cie meni\u010dov v priemysle a v energetike, istenie v\u00fdkonov\u00fdch polovodi\u010dov\u00fdch s\u00fa\u010diastok proti prep\u00e4tiam a v\u00fdkonov\u00e9mu pre\u0165a\u017eeniu).<\/li>\n<li style=\"text-align: justify;\">Riadenie v\u00fdkonov\u00fdch polovodi\u010dov\u00fdch syst\u00e9mov (anal\u00fdza, modelovanie, navrhovanie a simul\u00e1cia riadiacich \u0161trukt\u00far a algoritmov pre pokro\u010dil\u00e9 v\u00fdkonov\u00e9 polovodi\u010dov\u00e9 meni\u010de pre modern\u00e9 aplik\u00e1cie v oblasti obnovite\u013en\u00fdch zdrojov energie, elektromobility, regulovan\u00fdch jednosmern\u00fdch a striedav\u00fdch elektrick\u00fdch pohonov, bat\u00e9riov\u00fdch \u00falo\u017e\u00edsk energie).<\/li>\n<\/ul>\n<p style=\"text-align: justify;\"><strong>Doktorandsk\u00e9 \u0161t\u00fadium:<\/strong><\/p>\n<ul>\n<li style=\"text-align: justify;\">Elektromechanick\u00e9 syst\u00e9my (dynamick\u00e9 modely elektromechanick\u00fdch syst\u00e9mov ako celku, ako aj ich jednotliv\u00fdch podsyst\u00e9mov, sp\u00f4soby a vlastnosti met\u00f3d riadenia line\u00e1rnych aj neline\u00e1rnych elektromechanick\u00fdch syst\u00e9mov, kon\u0161truk\u010dn\u00e9 n\u00e1vrhy a dynamick\u00e9 modely vybran\u00fdch elektrick\u00fdch strojov, n\u00e1vrh a vlastnosti statick\u00fdch meni\u010dov, s\u00favisiacich s pr\u00e1cou doktoranda).<\/li>\n<li style=\"text-align: justify;\">Servosyst\u00e9my (Aplik\u00e1cie meni\u010dov v servosyst\u00e9moch, Vybran\u00e9 kapitoly z te\u00f3rie riadenia, elektromechanick\u00e9 syst\u00e9my , ich spojit\u00fd a diskr\u00e9tny popis a ich modely, mnohomotorov\u00e9 pohony a servosyst\u00e9my (modelovanie, anal\u00fdza a met\u00f3dy n\u00e1vrhu technologick\u00fdch regul\u00e1torov), riadenie technologick\u00fdch komplexov (\u0161trukt\u00fary riadiacich syst\u00e9mov a ich programov\u00e9 vybavenie, vizualiza\u010dn\u00e9 prostriedky, bezpe\u010dnos\u0165 riadenia a z\u00e1lohovanie).<\/li>\n<li style=\"text-align: justify;\">Vedeck\u00e1 \u010dinnos\u0165 1-5 (Schopnos\u0165 samostatne koncipova\u0165, kon\u0161truova\u0165, realizova\u0165 a upravova\u0165 podstatn\u00fa \u010das\u0165 v\u00fdskumu s vedeckou integritou a prispeje p\u00f4vodn\u00fdm v\u00fdskumom k roz\u0161\u00edreniu hran\u00edc vedeck\u00e9ho poznania prostredn\u00edctvom realiz\u00e1cie rozsiahleho s\u00faboru pr\u00e1c, z ktor\u00fdch niektor\u00e9 s\u00fa hodn\u00e9 recenzn\u00e9ho publikovania. Dosahovanie p\u00f4vodn\u00fdch vedeck\u00fdch v\u00fdsledkov, akceptovate\u013en\u00fdch na medzin\u00e1rodnej \u00farovni. Na z\u00e1klade realiz\u00e1cie vedeck\u00e9ho v\u00fdskumu sa absolvent pova\u017euje za experta v svojej oblasti).<\/li>\n<\/ul>\n","protected":false},"excerpt":{"rendered":"<p>&#8211; je ur\u010den\u00e9 na n\u00e1vrh, realiz\u00e1ciu, simul\u00e1ciu a merania obvodov riadiacej a v\u00fdkonovej elektroniky. Je vybaven\u00e9 osciloskopmi, regulovate\u013en\u00fdmi zdrojmi jednosmern\u00e9ho a striedav\u00e9ho nap\u00e4tia, umel\u00fdmi programovate\u013en\u00fdmi z\u00e1\u0165a\u017eami, v\u00fdkonov\u00fdmi analyz\u00e1tormi, sign\u00e1lov\u00fdmi gener\u00e1tormi a simula\u010dn\u00fdm softv\u00e9rom OrCAD PSpice. \u010ealej disponuje z\u00e1kladnou infra\u0161trukt\u00farou na v\u00fdrobu riadiacich a v\u00fdkonov\u00fdch DPS (UV osvit, leptacie zariadenie, sp\u00e1jkovacie centrum). Toto laborat\u00f3rium poskytuje \u0161pi\u010dkov\u00e9 [&hellip;]<\/p>\n","protected":false},"author":1,"featured_media":0,"parent":0,"menu_order":0,"comment_status":"closed","ping_status":"closed","template":"","meta":{"footnotes":""},"class_list":["post-569","page","type-page","status-publish","hentry"],"_links":{"self":[{"href":"https:\/\/www.kem.website.tuke.sk\/index.php\/wp-json\/wp\/v2\/pages\/569","targetHints":{"allow":["GET"]}}],"collection":[{"href":"https:\/\/www.kem.website.tuke.sk\/index.php\/wp-json\/wp\/v2\/pages"}],"about":[{"href":"https:\/\/www.kem.website.tuke.sk\/index.php\/wp-json\/wp\/v2\/types\/page"}],"author":[{"embeddable":true,"href":"https:\/\/www.kem.website.tuke.sk\/index.php\/wp-json\/wp\/v2\/users\/1"}],"replies":[{"embeddable":true,"href":"https:\/\/www.kem.website.tuke.sk\/index.php\/wp-json\/wp\/v2\/comments?post=569"}],"version-history":[{"count":3,"href":"https:\/\/www.kem.website.tuke.sk\/index.php\/wp-json\/wp\/v2\/pages\/569\/revisions"}],"predecessor-version":[{"id":572,"href":"https:\/\/www.kem.website.tuke.sk\/index.php\/wp-json\/wp\/v2\/pages\/569\/revisions\/572"}],"wp:attachment":[{"href":"https:\/\/www.kem.website.tuke.sk\/index.php\/wp-json\/wp\/v2\/media?parent=569"}],"curies":[{"name":"wp","href":"https:\/\/api.w.org\/{rel}","templated":true}]}}