{"id":576,"date":"2025-12-01T19:49:59","date_gmt":"2025-12-01T19:49:59","guid":{"rendered":"https:\/\/www.kem.website.tuke.sk\/?page_id=576"},"modified":"2025-12-01T19:49:59","modified_gmt":"2025-12-01T19:49:59","slug":"laboratorium-simulacnych-systemov","status":"publish","type":"page","link":"https:\/\/www.kem.website.tuke.sk\/index.php\/laboratorium-simulacnych-systemov\/","title":{"rendered":"Laborat\u00f3rium simula\u010dn\u00fdch syst\u00e9mov"},"content":{"rendered":"<p style=\"text-align: justify;\">&#8211; je vybaven\u00e9 po\u010d\u00edta\u010dmi pre 20 \u0161tudentov s nain\u0161talovan\u00fdmi CAD softv\u00e9rmi (EPLAN, CREO), softv\u00e9rom ARENA pre anal\u00fdzu, simul\u00e1ciu a optimaliz\u00e1ciu v\u00fdrobn\u00fdch procesov, softv\u00e9rom RobotStudio pre simul\u00e1ciu a offline programovanie robotick\u00fdch pracov\u00edsk, softv\u00e9rom MATLAB a jeho toolboxmi (Control toolbox, SimMechanics, SimScape, Fuzzy toolbox, Neural nework toolbox a \u010fal\u0161ie) pre modelovanie a simul\u00e1ciu fyzik\u00e1lnych syst\u00e9mov. Toto laborat\u00f3rium poskytuje softv\u00e9rov\u00e9 vybavenie potrebn\u00e9 nielen na v\u00fdu\u010dbu pr\u00edslu\u0161n\u00fdch odborn\u00fdch predmetov, ale aj na rie\u0161enie semestr\u00e1lnych projektov a z\u00e1vere\u010dn\u00fdch pr\u00e1c.<\/p>\n<p style=\"text-align: justify;\"><strong>Ved\u00faci laborat\u00f3ria<\/strong> &#8211; doc. Ing. Peter Girovsk\u00fd, PhD.<\/p>\n<p style=\"text-align: justify;\"><span style=\"text-decoration: underline;\"><strong>PREDMETY A V\u00ddSTUPY VZDEL\u00c1VANIA:<\/strong><\/span><\/p>\n<p style=\"text-align: justify;\"><strong>Bakal\u00e1rske \u0161t\u00fadium:<\/strong><\/p>\n<ul>\n<li style=\"text-align: justify;\">Z\u00e1klady robotiky (kon\u0161trukcia robotov, kinematick\u00e1 anal\u00fdza robotov, n\u00e1vrh riadiacich algoritmov pohybu ramena robota, z\u00e1klady programovania robotov pomocou programu ABB RobotStudio).<\/li>\n<li style=\"text-align: justify;\">Po\u010d\u00edta\u010dov\u00e9 aplik\u00e1cie (numerick\u00e9 a grafick\u00e9 met\u00f3dy a techniky programu Matlab a Excel pre r\u00f4zne vedn\u00e9 a aplika\u010dn\u00e9 oblasti, met\u00f3dy a postupy vhodn\u00e9 pre oblas\u0165 matematiky, fyziky, te\u00f3rie automatick\u00e9ho riadenia a ich vyu\u017eitie v modelovan\u00ed a riaden\u00ed priemyseln\u00fdch procesov).<\/li>\n<li style=\"text-align: justify;\">Modelovanie a simul\u00e1cie v elektrotechnike (z\u00e1kladn\u00e9 vedomosti i pokro\u010dil\u00e9 praktiky z oblasti zostavovania matematick\u00fdch modelov, modelovania a simul\u00e1cie elektrick\u00fdch obvodov, anal\u00fdza v\u00fdsledkov z\u00edskan\u00fdch v \u010dasovej a frekven\u010dnej oblasti, pos\u00fadenie vplyvu parametrov komponentov elektrick\u00e9ho obvodu na jeho dynamick\u00e9 vlastnosti, aplik\u00e1cia vedomost\u00ed z MATLABu na rie\u0161enie dynamick\u00fdch syst\u00e9mov).<\/li>\n<li style=\"text-align: justify;\">Simul\u00e1cia v\u00fdrobn\u00fdch syst\u00e9mov (tvorba po\u010d\u00edta\u010dov\u00fdch modelov diskr\u00e9tnych stochastick\u00fdch syst\u00e9mov, ich verifik\u00e1cia, simula\u010dn\u00e9 experimenty, anal\u00fdza v\u00fdsledkov a tvorba z\u00e1verov, ktor\u00e9 sa po zaveden\u00ed do praxe potvrdia s dostato\u010dnou presnos\u0165ou).<\/li>\n<\/ul>\n<p style=\"text-align: justify;\"><strong>In\u017einierske \u0161t\u00fadium:<\/strong><\/p>\n<ul>\n<li style=\"text-align: justify;\">Projektovanie elektrotechnick\u00fdch zariaden\u00ed 2 (n\u00e1stroje programov\u00e9ho bal\u00edka EPLAN, ktor\u00fd patr\u00ed medzi najroz\u0161\u00edrenej\u0161ie softv\u00e9rov\u00e9 n\u00e1stroje pre tvorbu technickej dokument\u00e1cie v elektrotechnike v technickej praxi).<\/li>\n<li style=\"text-align: justify;\">Trojrozmern\u00e9 modelovanie a simul\u00e1cia (modelovanie v profesion\u00e1lnom CAD programe Creo, tvorba modelov s\u00fa\u010diastok, tvorba zost\u00e1v, v\u00fdkresov a anim\u00e1cie).<\/li>\n<li style=\"text-align: justify;\">Umel\u00e1 inteligencia v riaden\u00ed elektromechanick\u00fdch syst\u00e9mov (fuzzy syst\u00e9my, neur\u00f3nov\u00e9 siete, hybridn\u00e9 syst\u00e9my a ich aplik\u00e1cia na riadenie elektromechanick\u00fdch syst\u00e9mov).<\/li>\n<\/ul>\n<p style=\"text-align: justify;\"><strong>Doktorandsk\u00e9 \u0161t\u00fadium:<\/strong><\/p>\n<ul>\n<li style=\"text-align: justify;\">Elektromechanick\u00e9 syst\u00e9my (dynamick\u00e9 modely elektromechanick\u00fdch syst\u00e9mov ako celku, ako aj ich jednotliv\u00fdch podsyst\u00e9mov, sp\u00f4soby a vlastnosti met\u00f3d riadenia line\u00e1rnych aj neline\u00e1rnych elektromechanick\u00fdch syst\u00e9mov, kon\u0161truk\u010dn\u00e9 n\u00e1vrhy a dynamick\u00e9 modely vybran\u00fdch elektrick\u00fdch strojov, n\u00e1vrh a vlastnosti statick\u00fdch meni\u010dov, s\u00favisiacich s pr\u00e1cou doktoranda).<\/li>\n<li style=\"text-align: justify;\">Vedeck\u00e1 \u010dinnos\u0165 1-5 (Schopnos\u0165 samostatne koncipova\u0165, kon\u0161truova\u0165, realizova\u0165 a upravova\u0165 podstatn\u00fa \u010das\u0165 v\u00fdskumu s vedeckou integritou a prispeje p\u00f4vodn\u00fdm v\u00fdskumom k roz\u0161\u00edreniu hran\u00edc vedeck\u00e9ho poznania prostredn\u00edctvom realiz\u00e1cie rozsiahleho s\u00faboru pr\u00e1c, z ktor\u00fdch niektor\u00e9 s\u00fa hodn\u00e9 recenzn\u00e9ho publikovania. Dosahovanie p\u00f4vodn\u00fdch vedeck\u00fdch v\u00fdsledkov, akceptovate\u013en\u00fdch na medzin\u00e1rodnej \u00farovni. Na z\u00e1klade realiz\u00e1cie vedeck\u00e9ho v\u00fdskumu sa absolvent pova\u017euje za experta v svojej oblasti).<\/li>\n<\/ul>\n","protected":false},"excerpt":{"rendered":"<p>&#8211; je vybaven\u00e9 po\u010d\u00edta\u010dmi pre 20 \u0161tudentov s nain\u0161talovan\u00fdmi CAD softv\u00e9rmi (EPLAN, CREO), softv\u00e9rom ARENA pre anal\u00fdzu, simul\u00e1ciu a optimaliz\u00e1ciu v\u00fdrobn\u00fdch procesov, softv\u00e9rom RobotStudio pre simul\u00e1ciu a offline programovanie robotick\u00fdch pracov\u00edsk, softv\u00e9rom MATLAB a jeho toolboxmi (Control toolbox, SimMechanics, SimScape, Fuzzy toolbox, Neural nework toolbox a \u010fal\u0161ie) pre modelovanie a simul\u00e1ciu fyzik\u00e1lnych syst\u00e9mov. Toto laborat\u00f3rium [&hellip;]<\/p>\n","protected":false},"author":1,"featured_media":0,"parent":0,"menu_order":0,"comment_status":"closed","ping_status":"closed","template":"","meta":{"footnotes":""},"class_list":["post-576","page","type-page","status-publish","hentry"],"_links":{"self":[{"href":"https:\/\/www.kem.website.tuke.sk\/index.php\/wp-json\/wp\/v2\/pages\/576","targetHints":{"allow":["GET"]}}],"collection":[{"href":"https:\/\/www.kem.website.tuke.sk\/index.php\/wp-json\/wp\/v2\/pages"}],"about":[{"href":"https:\/\/www.kem.website.tuke.sk\/index.php\/wp-json\/wp\/v2\/types\/page"}],"author":[{"embeddable":true,"href":"https:\/\/www.kem.website.tuke.sk\/index.php\/wp-json\/wp\/v2\/users\/1"}],"replies":[{"embeddable":true,"href":"https:\/\/www.kem.website.tuke.sk\/index.php\/wp-json\/wp\/v2\/comments?post=576"}],"version-history":[{"count":1,"href":"https:\/\/www.kem.website.tuke.sk\/index.php\/wp-json\/wp\/v2\/pages\/576\/revisions"}],"predecessor-version":[{"id":577,"href":"https:\/\/www.kem.website.tuke.sk\/index.php\/wp-json\/wp\/v2\/pages\/576\/revisions\/577"}],"wp:attachment":[{"href":"https:\/\/www.kem.website.tuke.sk\/index.php\/wp-json\/wp\/v2\/media?parent=576"}],"curies":[{"name":"wp","href":"https:\/\/api.w.org\/{rel}","templated":true}]}}