{"id":579,"date":"2025-12-02T04:33:02","date_gmt":"2025-12-02T04:33:02","guid":{"rendered":"https:\/\/www.kem.website.tuke.sk\/?page_id=579"},"modified":"2025-12-02T04:56:31","modified_gmt":"2025-12-02T04:56:31","slug":"ucebna","status":"publish","type":"page","link":"https:\/\/www.kem.website.tuke.sk\/index.php\/ucebna\/","title":{"rendered":"U\u010deb\u0148a"},"content":{"rendered":"<p style=\"text-align: justify;\">&#8211; je vybaven\u00e1 po\u010d\u00edta\u010dom a prezenta\u010dnou technikou. T\u00e1to u\u010deb\u0148a sl\u00fa\u017ei ako predn\u00e1\u0161kov\u00e1 miestnos\u0165 s kapacitou maxim\u00e1lne pre 30 \u013eud\u00ed.<\/p>\n<p style=\"text-align: justify;\"><strong>Ved\u00faci u\u010debne<\/strong> &#8211; Ing. Peter Hajs\u00e1k<\/p>\n<p style=\"text-align: justify;\"><span style=\"text-decoration: underline;\"><strong>PREDMETY A V\u00ddSTUPY VZDEL\u00c1VANIA:<\/strong><\/span><\/p>\n<ul>\n<li style=\"text-align: justify;\">U\u010deb\u0148a B231 sl\u00fa\u017ei ako predn\u00e1\u0161kov\u00e1 miestnos\u0165 pre v\u0161etky predmety, ktor\u00fdch v\u00fdu\u010dbu zabezpe\u010duje Katedra elektrotechniky a mechatroniky.<\/li>\n<\/ul>\n","protected":false},"excerpt":{"rendered":"<p>&#8211; je vybaven\u00e1 po\u010d\u00edta\u010dom a prezenta\u010dnou technikou. T\u00e1to u\u010deb\u0148a sl\u00fa\u017ei ako predn\u00e1\u0161kov\u00e1 miestnos\u0165 s kapacitou maxim\u00e1lne pre 30 \u013eud\u00ed. Ved\u00faci u\u010debne &#8211; Ing. Peter Hajs\u00e1k PREDMETY A V\u00ddSTUPY VZDEL\u00c1VANIA: U\u010deb\u0148a B231 sl\u00fa\u017ei ako predn\u00e1\u0161kov\u00e1 miestnos\u0165 pre v\u0161etky predmety, ktor\u00fdch v\u00fdu\u010dbu zabezpe\u010duje Katedra elektrotechniky a mechatroniky.<\/p>\n","protected":false},"author":1,"featured_media":0,"parent":0,"menu_order":0,"comment_status":"closed","ping_status":"closed","template":"","meta":{"footnotes":""},"class_list":["post-579","page","type-page","status-publish","hentry"],"_links":{"self":[{"href":"https:\/\/www.kem.website.tuke.sk\/index.php\/wp-json\/wp\/v2\/pages\/579","targetHints":{"allow":["GET"]}}],"collection":[{"href":"https:\/\/www.kem.website.tuke.sk\/index.php\/wp-json\/wp\/v2\/pages"}],"about":[{"href":"https:\/\/www.kem.website.tuke.sk\/index.php\/wp-json\/wp\/v2\/types\/page"}],"author":[{"embeddable":true,"href":"https:\/\/www.kem.website.tuke.sk\/index.php\/wp-json\/wp\/v2\/users\/1"}],"replies":[{"embeddable":true,"href":"https:\/\/www.kem.website.tuke.sk\/index.php\/wp-json\/wp\/v2\/comments?post=579"}],"version-history":[{"count":3,"href":"https:\/\/www.kem.website.tuke.sk\/index.php\/wp-json\/wp\/v2\/pages\/579\/revisions"}],"predecessor-version":[{"id":598,"href":"https:\/\/www.kem.website.tuke.sk\/index.php\/wp-json\/wp\/v2\/pages\/579\/revisions\/598"}],"wp:attachment":[{"href":"https:\/\/www.kem.website.tuke.sk\/index.php\/wp-json\/wp\/v2\/media?parent=579"}],"curies":[{"name":"wp","href":"https:\/\/api.w.org\/{rel}","templated":true}]}}