{"id":583,"date":"2025-12-02T04:37:20","date_gmt":"2025-12-02T04:37:20","guid":{"rendered":"https:\/\/www.kem.website.tuke.sk\/?page_id=583"},"modified":"2025-12-02T04:58:02","modified_gmt":"2025-12-02T04:58:02","slug":"bsh-laboratorium-riadenia-pohonov","status":"publish","type":"page","link":"https:\/\/www.kem.website.tuke.sk\/index.php\/bsh-laboratorium-riadenia-pohonov\/","title":{"rendered":"BSH laborat\u00f3rium riadenia pohonov"},"content":{"rendered":"<p style=\"text-align: justify;\">&#8211; je vybaven\u00e9 pracoviskami s \u201erapid prototyping\u201c syst\u00e9mom na v\u00fdvoj riadenia elektrick\u00fdch motorov, kde riadiaci program z Matlab Simulink je priamo nahran\u00fd do procesora v\u00fdkonov\u00e9ho meni\u010da. Ka\u017ed\u00e9 pracovisko pozost\u00e1va zo sk\u00fa\u0161obnej stolice s dvomi spojen\u00fdmi motormi, v\u00fdkonov\u00fdch meni\u010dov a z merac\u00edch zariaden\u00ed (osciloskop, pr\u00fadov\u00e9 sondy a nap\u00e4\u0165ov\u00e9 diferenci\u00e1lne sondy). K dispoz\u00edcii je induk\u010dn\u00fd motor, BLDC motor a krokov\u00fd motor.<br \/>\n\u010ealej je v laborat\u00f3riu stavebnica pneumatick\u00fdch a hydraulick\u00fdch prvkov FESTO DIDACTIC pre v\u00fdu\u010dbu riadenia pneumatick\u00fdch a hydraulick\u00fdch syst\u00e9mov. Stavebnica je roz\u0161\u00edren\u00e1 o moduly pre logick\u00e9 riadenie kontaktn\u00fdmi sch\u00e9mami a riadiacim po\u010d\u00edta\u010dom FATEK B1z-10MR. Na po\u010d\u00edta\u010doch v laborat\u00f3riu je nain\u0161talovan\u00fd softv\u00e9r FluidSim a WinProLadder.<\/p>\n<p style=\"text-align: justify;\">Laborat\u00f3rium bolo renovovan\u00e9 a vybaven\u00e9 technick\u00fdmi zariadeniami s podporou firmy BSH Drives and Pumps s.r.o.<\/p>\n<p style=\"text-align: justify;\"><strong>Ved\u00faci laborat\u00f3ria<\/strong> &#8211; Ing. Peter Bober, PhD.<\/p>\n<p style=\"text-align: justify;\"><span style=\"text-decoration: underline;\"><strong>PREDMETY A V\u00ddSTUPY VZDEL\u00c1VANIA:<\/strong><\/span><\/p>\n<p style=\"text-align: justify;\"><strong>Bakal\u00e1rske \u0161t\u00fadium:<\/strong><\/p>\n<ul>\n<li style=\"text-align: justify;\">Pneumatick\u00e9 a hydraulick\u00e9 syst\u00e9my (kon\u0161trukcia a vlastnosti pneumatick\u00fdch a hydraulick\u00fdch syst\u00e9mov, n\u00e1vrh pneumatick\u00fdch obvodov, elektrick\u00e9ho riadenia a riadenia pomocou PLC, praktick\u00e9 zru\u010dnosti pri zap\u00e1jan\u00ed pneumatick\u00fdch a hydraulick\u00fdch obvodov).<\/li>\n<li style=\"text-align: justify;\">Bakal\u00e1rsky projekt<\/li>\n<li style=\"text-align: justify;\">Bakal\u00e1rska pr\u00e1ca<\/li>\n<\/ul>\n<p style=\"text-align: justify;\"><strong>In\u017einierske \u0161t\u00fadium:<\/strong><\/p>\n<ul>\n<li style=\"text-align: justify;\">Diplomov\u00fd projekt 1<\/li>\n<li style=\"text-align: justify;\">Diplomov\u00fd projekt 2<\/li>\n<li style=\"text-align: justify;\">Diplomov\u00e1 pr\u00e1ca<\/li>\n<\/ul>\n","protected":false},"excerpt":{"rendered":"<p>&#8211; je vybaven\u00e9 pracoviskami s \u201erapid prototyping\u201c syst\u00e9mom na v\u00fdvoj riadenia elektrick\u00fdch motorov, kde riadiaci program z Matlab Simulink je priamo nahran\u00fd do procesora v\u00fdkonov\u00e9ho meni\u010da. Ka\u017ed\u00e9 pracovisko pozost\u00e1va zo sk\u00fa\u0161obnej stolice s dvomi spojen\u00fdmi motormi, v\u00fdkonov\u00fdch meni\u010dov a z merac\u00edch zariaden\u00ed (osciloskop, pr\u00fadov\u00e9 sondy a nap\u00e4\u0165ov\u00e9 diferenci\u00e1lne sondy). K dispoz\u00edcii je induk\u010dn\u00fd motor, BLDC [&hellip;]<\/p>\n","protected":false},"author":1,"featured_media":0,"parent":0,"menu_order":0,"comment_status":"closed","ping_status":"closed","template":"","meta":{"footnotes":""},"class_list":["post-583","page","type-page","status-publish","hentry"],"_links":{"self":[{"href":"https:\/\/www.kem.website.tuke.sk\/index.php\/wp-json\/wp\/v2\/pages\/583","targetHints":{"allow":["GET"]}}],"collection":[{"href":"https:\/\/www.kem.website.tuke.sk\/index.php\/wp-json\/wp\/v2\/pages"}],"about":[{"href":"https:\/\/www.kem.website.tuke.sk\/index.php\/wp-json\/wp\/v2\/types\/page"}],"author":[{"embeddable":true,"href":"https:\/\/www.kem.website.tuke.sk\/index.php\/wp-json\/wp\/v2\/users\/1"}],"replies":[{"embeddable":true,"href":"https:\/\/www.kem.website.tuke.sk\/index.php\/wp-json\/wp\/v2\/comments?post=583"}],"version-history":[{"count":2,"href":"https:\/\/www.kem.website.tuke.sk\/index.php\/wp-json\/wp\/v2\/pages\/583\/revisions"}],"predecessor-version":[{"id":599,"href":"https:\/\/www.kem.website.tuke.sk\/index.php\/wp-json\/wp\/v2\/pages\/583\/revisions\/599"}],"wp:attachment":[{"href":"https:\/\/www.kem.website.tuke.sk\/index.php\/wp-json\/wp\/v2\/media?parent=583"}],"curies":[{"name":"wp","href":"https:\/\/api.w.org\/{rel}","templated":true}]}}