{"id":589,"date":"2025-12-02T04:44:02","date_gmt":"2025-12-02T04:44:02","guid":{"rendered":"https:\/\/www.kem.website.tuke.sk\/?page_id=589"},"modified":"2025-12-02T04:44:02","modified_gmt":"2025-12-02T04:44:02","slug":"seminarna-miestnost","status":"publish","type":"page","link":"https:\/\/www.kem.website.tuke.sk\/index.php\/seminarna-miestnost\/","title":{"rendered":"Semin\u00e1rna miestnos\u0165"},"content":{"rendered":"<p style=\"text-align: justify;\">&#8211; je vybaven\u00e1 po\u010d\u00edta\u010dom a prezenta\u010dnou technikou. U\u010deb\u0148a sl\u00fa\u017ei ako semin\u00e1rna a konzulta\u010dn\u00e1 miestnos\u0165 s kapacitou maxim\u00e1lne pre 10 \u013eud\u00ed.<\/p>\n<p style=\"text-align: justify;\"><strong>Ved\u00faci miestnosti<\/strong> &#8211; Ing. Peter Hajs\u00e1k<\/p>\n","protected":false},"excerpt":{"rendered":"<p>&#8211; je vybaven\u00e1 po\u010d\u00edta\u010dom a prezenta\u010dnou technikou. U\u010deb\u0148a sl\u00fa\u017ei ako semin\u00e1rna a konzulta\u010dn\u00e1 miestnos\u0165 s kapacitou maxim\u00e1lne pre 10 \u013eud\u00ed. Ved\u00faci miestnosti &#8211; Ing. Peter Hajs\u00e1k<\/p>\n","protected":false},"author":1,"featured_media":0,"parent":0,"menu_order":0,"comment_status":"closed","ping_status":"closed","template":"","meta":{"footnotes":""},"class_list":["post-589","page","type-page","status-publish","hentry"],"_links":{"self":[{"href":"https:\/\/www.kem.website.tuke.sk\/index.php\/wp-json\/wp\/v2\/pages\/589","targetHints":{"allow":["GET"]}}],"collection":[{"href":"https:\/\/www.kem.website.tuke.sk\/index.php\/wp-json\/wp\/v2\/pages"}],"about":[{"href":"https:\/\/www.kem.website.tuke.sk\/index.php\/wp-json\/wp\/v2\/types\/page"}],"author":[{"embeddable":true,"href":"https:\/\/www.kem.website.tuke.sk\/index.php\/wp-json\/wp\/v2\/users\/1"}],"replies":[{"embeddable":true,"href":"https:\/\/www.kem.website.tuke.sk\/index.php\/wp-json\/wp\/v2\/comments?post=589"}],"version-history":[{"count":1,"href":"https:\/\/www.kem.website.tuke.sk\/index.php\/wp-json\/wp\/v2\/pages\/589\/revisions"}],"predecessor-version":[{"id":590,"href":"https:\/\/www.kem.website.tuke.sk\/index.php\/wp-json\/wp\/v2\/pages\/589\/revisions\/590"}],"wp:attachment":[{"href":"https:\/\/www.kem.website.tuke.sk\/index.php\/wp-json\/wp\/v2\/media?parent=589"}],"curies":[{"name":"wp","href":"https:\/\/api.w.org\/{rel}","templated":true}]}}