{"id":592,"date":"2025-12-02T04:52:32","date_gmt":"2025-12-02T04:52:32","guid":{"rendered":"https:\/\/www.kem.website.tuke.sk\/?page_id=592"},"modified":"2025-12-02T04:52:54","modified_gmt":"2025-12-02T04:52:54","slug":"laboratorium-aplikacii-elektrickych-pohonov","status":"publish","type":"page","link":"https:\/\/www.kem.website.tuke.sk\/index.php\/laboratorium-aplikacii-elektrickych-pohonov\/","title":{"rendered":"Laborat\u00f3rium aplik\u00e1ci\u00ed elektrick\u00fdch pohonov"},"content":{"rendered":"<p style=\"text-align: justify;\">&#8211; je vybaven\u00e9 merac\u00edmi stendami pre testovanie a za\u0165a\u017eovanie elektrick\u00fdch pohonov a ich riadenia (rozsah za\u0165a\u017eovania pribli\u017ene 10 a\u017e 2000 Nm), ve\u013emi presn\u00fdmi sn\u00edma\u010dmi polohy Renishaw REXM, rota\u010dn\u00fdmi sn\u00edma\u010dmi momentu Magtrol (rozsah 50 Nm, 500 Nm), servomeni\u010dmi Siemens S120 s riadiacimi jednotkami Siemens CU320-2 a Simotion D, PLC a servomeni\u010dmi BR Automation, meracou \u00fastred\u0148ou NI PXI s merac\u00edmi kartami pre spracovanie digit\u00e1lnych a anal\u00f3gov\u00fdch sign\u00e1lov a r\u00f4znych typov sn\u00edma\u010dov (ako akcelerometre, termo\u010dl\u00e1nky, sn\u00edma\u010de momentu, \u2026). \u010ealej disponuje vybaven\u00edm pre zber a anal\u00fdzu d\u00e1t pre r\u00f4zne priemyseln\u00e9 zbernice od spolo\u010dnosti iba AG (EtherCAT, PROFINET, PROFIBUS). V laborat\u00f3riu s\u00fa k dispoz\u00edci\u00ed aj meracie pr\u00edstroje (osciloskop, multimeter, digit\u00e1lny teplomer, termokamera FLUKE) a z\u00e1kladn\u00e9 elektrotechnick\u00e9 n\u00e1radie. K softv\u00e9rov\u00e9mu vybaveniu laborat\u00f3ria patr\u00ed softv\u00e9r NI LabVIEW, Siemens Scout a BR Automation Studio. Laborat\u00f3rium tak poskytuje vybavenie potrebn\u00e9 pre realiz\u00e1ciu v\u00fdskumn\u00fdch \u00faloh a z\u00e1vere\u010dn\u00fdch pr\u00e1c v oblasti riadenia a aplik\u00e1cii elektrick\u00fdch pohonov v priemysle.<\/p>\n<p style=\"text-align: justify;\"><strong>Ved\u00faci laborat\u00f3ria<\/strong> &#8211; Ing. Viktor \u0160lap\u00e1k, PhD.<\/p>\n<p style=\"text-align: justify;\"><span style=\"text-decoration: underline;\"><strong>PREDMETY A V\u00ddSTUPY VZDEL\u00c1VANIA:<\/strong><\/span><\/p>\n<p style=\"text-align: justify;\"><strong>Bakal\u00e1rske \u0161t\u00fadium:<\/strong><\/p>\n<ul>\n<li style=\"text-align: justify;\">Bakal\u00e1rsky projekt<\/li>\n<li style=\"text-align: justify;\">Bakal\u00e1rska pr\u00e1ca<\/li>\n<\/ul>\n<p style=\"text-align: justify;\"><strong>In\u017einierske \u0161t\u00fadium:<\/strong><\/p>\n<ul>\n<li style=\"text-align: justify;\">Diplomov\u00fd projekt 1<\/li>\n<li style=\"text-align: justify;\">Diplomov\u00fd projekt 2<\/li>\n<li style=\"text-align: justify;\">Diplomov\u00e1 pr\u00e1ca<\/li>\n<\/ul>\n<p style=\"text-align: justify;\"><strong>Doktorandsk\u00e9 \u0161t\u00fadium:<\/strong><\/p>\n<ul>\n<li style=\"text-align: justify;\">Elektromechanick\u00e9 syst\u00e9my (dynamick\u00e9 modely elektromechanick\u00fdch syst\u00e9mov ako celku, ako aj ich jednotliv\u00fdch podsyst\u00e9mov, sp\u00f4soby a vlastnosti met\u00f3d riadenia line\u00e1rnych aj neline\u00e1rnych elektromechanick\u00fdch syst\u00e9mov, kon\u0161truk\u010dn\u00e9 n\u00e1vrhy a dynamick\u00e9 modely vybran\u00fdch elektrick\u00fdch strojov, n\u00e1vrh a vlastnosti statick\u00fdch meni\u010dov, s\u00favisiacich s pr\u00e1cou doktoranda).<\/li>\n<li style=\"text-align: justify;\">Servosyst\u00e9my (Aplik\u00e1cie meni\u010dov v servosyst\u00e9moch, Vybran\u00e9 kapitoly z te\u00f3rie riadenia, elektromechanick\u00e9 syst\u00e9my , ich spojit\u00fd a diskr\u00e9tny popis a ich modely, mnohomotorov\u00e9 pohony a servosyst\u00e9my (modelovanie, anal\u00fdza a met\u00f3dy n\u00e1vrhu technologick\u00fdch regul\u00e1torov), riadenie technologick\u00fdch komplexov (\u0161trukt\u00fary riadiacich syst\u00e9mov a ich programov\u00e9 vybavenie, vizualiza\u010dn\u00e9 prostriedky, bezpe\u010dnos\u0165 riadenia a z\u00e1lohovanie).<\/li>\n<li style=\"text-align: justify;\">Vedeck\u00e1 \u010dinnos\u0165 1-5 (Schopnos\u0165 samostatne koncipova\u0165, kon\u0161truova\u0165, realizova\u0165 a upravova\u0165 podstatn\u00fa \u010das\u0165 v\u00fdskumu s vedeckou integritou a prispeje p\u00f4vodn\u00fdm v\u00fdskumom k roz\u0161\u00edreniu hran\u00edc vedeck\u00e9ho poznania prostredn\u00edctvom realiz\u00e1cie rozsiahleho s\u00faboru pr\u00e1c, z ktor\u00fdch niektor\u00e9 s\u00fa hodn\u00e9 recenzn\u00e9ho publikovania. Dosahovanie p\u00f4vodn\u00fdch vedeck\u00fdch v\u00fdsledkov, akceptovate\u013en\u00fdch na medzin\u00e1rodnej \u00farovni. Na z\u00e1klade realiz\u00e1cie vedeck\u00e9ho v\u00fdskumu sa absolvent pova\u017euje za experta v svojej oblasti).<\/li>\n<\/ul>\n","protected":false},"excerpt":{"rendered":"<p>&#8211; je vybaven\u00e9 merac\u00edmi stendami pre testovanie a za\u0165a\u017eovanie elektrick\u00fdch pohonov a ich riadenia (rozsah za\u0165a\u017eovania pribli\u017ene 10 a\u017e 2000 Nm), ve\u013emi presn\u00fdmi sn\u00edma\u010dmi polohy Renishaw REXM, rota\u010dn\u00fdmi sn\u00edma\u010dmi momentu Magtrol (rozsah 50 Nm, 500 Nm), servomeni\u010dmi Siemens S120 s riadiacimi jednotkami Siemens CU320-2 a Simotion D, PLC a servomeni\u010dmi BR Automation, meracou \u00fastred\u0148ou NI [&hellip;]<\/p>\n","protected":false},"author":1,"featured_media":0,"parent":0,"menu_order":0,"comment_status":"closed","ping_status":"closed","template":"","meta":{"footnotes":""},"class_list":["post-592","page","type-page","status-publish","hentry"],"_links":{"self":[{"href":"https:\/\/www.kem.website.tuke.sk\/index.php\/wp-json\/wp\/v2\/pages\/592","targetHints":{"allow":["GET"]}}],"collection":[{"href":"https:\/\/www.kem.website.tuke.sk\/index.php\/wp-json\/wp\/v2\/pages"}],"about":[{"href":"https:\/\/www.kem.website.tuke.sk\/index.php\/wp-json\/wp\/v2\/types\/page"}],"author":[{"embeddable":true,"href":"https:\/\/www.kem.website.tuke.sk\/index.php\/wp-json\/wp\/v2\/users\/1"}],"replies":[{"embeddable":true,"href":"https:\/\/www.kem.website.tuke.sk\/index.php\/wp-json\/wp\/v2\/comments?post=592"}],"version-history":[{"count":2,"href":"https:\/\/www.kem.website.tuke.sk\/index.php\/wp-json\/wp\/v2\/pages\/592\/revisions"}],"predecessor-version":[{"id":594,"href":"https:\/\/www.kem.website.tuke.sk\/index.php\/wp-json\/wp\/v2\/pages\/592\/revisions\/594"}],"wp:attachment":[{"href":"https:\/\/www.kem.website.tuke.sk\/index.php\/wp-json\/wp\/v2\/media?parent=592"}],"curies":[{"name":"wp","href":"https:\/\/api.w.org\/{rel}","templated":true}]}}