{"id":600,"date":"2025-12-02T05:00:58","date_gmt":"2025-12-02T05:00:58","guid":{"rendered":"https:\/\/www.kem.website.tuke.sk\/?page_id=600"},"modified":"2025-12-02T05:00:58","modified_gmt":"2025-12-02T05:00:58","slug":"laboratorium-automobilovej-elektrotechniky","status":"publish","type":"page","link":"https:\/\/www.kem.website.tuke.sk\/index.php\/laboratorium-automobilovej-elektrotechniky\/","title":{"rendered":"Laborat\u00f3rium automobilovej elektrotechniky"},"content":{"rendered":"<p style=\"text-align: justify;\">&#8211; je vybaven\u00e9 Masterbookmi vozidiel Audi Q7 a \u0160koda Superb, simul\u00e1tormi dynamiky vozidiel CarSim a CarSim RT, programom Matlab\/Simulink a analyz\u00e1tormi zbern\u00edc CAN, LIN a FlexRay CANoe, diagnostick\u00fdm sw VAGCOM a be\u017enou meracou technikou. S\u00fa\u010das\u0165ou vybavenia je aj sk\u00fa\u0161obn\u00e1 stolica MAHA na meranie v\u00fdkonu vozidiel na koles\u00e1ch. Laborat\u00f3rium poskytuje hardv\u00e9rov\u00e9 aj softv\u00e9rov\u00e9 vybavenie potrebn\u00e9 nielen na v\u00fdu\u010dbu pr\u00edslu\u0161n\u00fdch odborn\u00fdch predmetov, ale aj na rie\u0161enie z\u00e1vere\u010dn\u00fdch pr\u00e1c alebo semestr\u00e1lnych projektov v predmetoch.<\/p>\n<p style=\"text-align: justify;\"><strong>Ved\u00faci laborat\u00f3ria<\/strong> &#8211; doc. Ing. Franti\u0161ek \u010eurovsk\u00fd, PhD.<\/p>\n<p style=\"text-align: justify;\"><span style=\"text-decoration: underline;\"><strong>PREDMETY A V\u00ddSTUPY VZDEL\u00c1VANIA:<\/strong><\/span><\/p>\n<p style=\"text-align: justify;\"><strong>Bakal\u00e1rske \u0161t\u00fadium:<\/strong><\/p>\n<ul>\n<li style=\"text-align: justify;\">Automobilov\u00e1 elektrotechnika (obozn\u00e1menie sa s kon\u0161trukciou elektrick\u00e9ho vybavenia vozidiel, kabel\u00e1\u017eou a konektormi, overovanie zapojen\u00ed re\u00e1lnych syst\u00e9mov pod\u013ea sch\u00e9m, meranie a za\u0165a\u017eovanie altern\u00e1torov a \u0161tart\u00e9rov, n\u00e1vrh a dimenzovanie elektrick\u00e9ho pohonu a bat\u00e9ri\u00ed pre elektromobily).<\/li>\n<li style=\"text-align: justify;\">Bakal\u00e1rsky projekt<\/li>\n<li style=\"text-align: justify;\">Bakal\u00e1rska pr\u00e1ca<\/li>\n<\/ul>\n<p style=\"text-align: justify;\"><strong>In\u017einierske \u0161t\u00fadium:<\/strong><\/p>\n<ul>\n<li style=\"text-align: justify;\">Elektromobilita (\u010dinnos\u0165 hlavn\u00fdch komponentov trak\u010dn\u00e9ho re\u0165azca vozidiel s elektrick\u00fdm alebo hybridn\u00fdm pohonom na b\u00e1ze bat\u00e9ri\u00ed, superkapacitorov a palivov\u00fdch \u010dl\u00e1nkov. Bat\u00e9riov\u00e9 \u00falo\u017eisk\u00e1 energie vo vozidle a ich mana\u017ement, nab\u00edjacie syst\u00e9my elektromobilov a plug-in hybridn\u00fdch vozidiel).<\/li>\n<li style=\"text-align: justify;\">Diplomov\u00fd projekt 1<\/li>\n<li style=\"text-align: justify;\">Diplomov\u00fd projekt 2<\/li>\n<li style=\"text-align: justify;\">Diplomov\u00e1 pr\u00e1ca<\/li>\n<\/ul>\n","protected":false},"excerpt":{"rendered":"<p>&#8211; je vybaven\u00e9 Masterbookmi vozidiel Audi Q7 a \u0160koda Superb, simul\u00e1tormi dynamiky vozidiel CarSim a CarSim RT, programom Matlab\/Simulink a analyz\u00e1tormi zbern\u00edc CAN, LIN a FlexRay CANoe, diagnostick\u00fdm sw VAGCOM a be\u017enou meracou technikou. S\u00fa\u010das\u0165ou vybavenia je aj sk\u00fa\u0161obn\u00e1 stolica MAHA na meranie v\u00fdkonu vozidiel na koles\u00e1ch. Laborat\u00f3rium poskytuje hardv\u00e9rov\u00e9 aj softv\u00e9rov\u00e9 vybavenie potrebn\u00e9 nielen [&hellip;]<\/p>\n","protected":false},"author":1,"featured_media":0,"parent":0,"menu_order":0,"comment_status":"closed","ping_status":"closed","template":"","meta":{"footnotes":""},"class_list":["post-600","page","type-page","status-publish","hentry"],"_links":{"self":[{"href":"https:\/\/www.kem.website.tuke.sk\/index.php\/wp-json\/wp\/v2\/pages\/600","targetHints":{"allow":["GET"]}}],"collection":[{"href":"https:\/\/www.kem.website.tuke.sk\/index.php\/wp-json\/wp\/v2\/pages"}],"about":[{"href":"https:\/\/www.kem.website.tuke.sk\/index.php\/wp-json\/wp\/v2\/types\/page"}],"author":[{"embeddable":true,"href":"https:\/\/www.kem.website.tuke.sk\/index.php\/wp-json\/wp\/v2\/users\/1"}],"replies":[{"embeddable":true,"href":"https:\/\/www.kem.website.tuke.sk\/index.php\/wp-json\/wp\/v2\/comments?post=600"}],"version-history":[{"count":1,"href":"https:\/\/www.kem.website.tuke.sk\/index.php\/wp-json\/wp\/v2\/pages\/600\/revisions"}],"predecessor-version":[{"id":601,"href":"https:\/\/www.kem.website.tuke.sk\/index.php\/wp-json\/wp\/v2\/pages\/600\/revisions\/601"}],"wp:attachment":[{"href":"https:\/\/www.kem.website.tuke.sk\/index.php\/wp-json\/wp\/v2\/media?parent=600"}],"curies":[{"name":"wp","href":"https:\/\/api.w.org\/{rel}","templated":true}]}}