{"id":603,"date":"2025-12-02T05:05:09","date_gmt":"2025-12-02T05:05:09","guid":{"rendered":"https:\/\/www.kem.website.tuke.sk\/?page_id=603"},"modified":"2025-12-02T05:05:09","modified_gmt":"2025-12-02T05:05:09","slug":"laboratorium-elektrickych-pohonov","status":"publish","type":"page","link":"https:\/\/www.kem.website.tuke.sk\/index.php\/laboratorium-elektrickych-pohonov\/","title":{"rendered":"Laborat\u00f3rium elektrick\u00fdch pohonov"},"content":{"rendered":"<p style=\"text-align: justify;\">&#8211; je ur\u010den\u00e9 pre v\u00fdu\u010dbu a v\u00fdskumn\u00e9 \u00fa\u010dely v oblasti elektrick\u00fdch strojov. V laborat\u00f3riu sa realizuj\u00fa z\u00e1kladn\u00e9 merania charakterist\u00edk AC a DC elektrick\u00fdch strojov a transform\u00e1torov. Je vybaven\u00e9 dvoma dynamometrami (vysokoot\u00e1\u010dkov\u00fdm dynamometrom Steiger Mohio s vysoko presn\u00fdmi torzn\u00fdmi sn\u00edma\u010dmi momentu a komut\u00e1torov\u00fdm dynamometrom), jednof\u00e1zov\u00fdmi a trojf\u00e1zov\u00fdm v\u00fdkonov\u00fdm analyz\u00e1torom a potrebnou nap\u00e1jacou a meracou technikou (laborat\u00f3rne zdroje a pr\u00edstroje, ktor\u00e9 s\u00fa ur\u010den\u00e9 pre meranie na elektrick\u00fdch strojoch).<\/p>\n<p style=\"text-align: justify;\">V laborat\u00f3riu je mo\u017eno vytvori\u0165 3 samostatn\u00e9 meracie pracovisk\u00e1, ktor\u00e9 sl\u00fa\u017eia na v\u00fdu\u010dbu pr\u00edslu\u0161n\u00fdch odborn\u00fdch predmetov a tie\u017e rie\u0161enie z\u00e1vere\u010dn\u00fdch pr\u00e1c alebo semestr\u00e1lnych projektov.<\/p>\n<p style=\"text-align: justify;\"><strong>Ved\u00faca laborat\u00f3ria<\/strong> &#8211; doc. Ing. \u017delm\u00edra Ferkov\u00e1, PhD.<\/p>\n<p style=\"text-align: justify;\"><span style=\"text-decoration: underline;\"><strong>PREDMETY A V\u00ddSTUPY VZDEL\u00c1VANIA:<\/strong><\/span><\/p>\n<p style=\"text-align: justify;\"><strong>Bakal\u00e1rske \u0161t\u00fadium:<\/strong><\/p>\n<ul>\n<li style=\"text-align: justify;\">Z\u00e1klady elektrick\u00fdch strojov (merania na elektrick\u00fdch strojoch, z\u00e1kladn\u00e9 v\u00fdpo\u010dty elektrick\u00fdch a mechanick\u00fdch veli\u010d\u00edn elektrick\u00fdch strojov, praktick\u00e9 overovanie teoretick\u00fdch vedomosti o vlastnostiach, kon\u0161truk\u010dnom usporiadan\u00ed a pou\u017eit\u00ed jednotliv\u00fdch druhov elektrick\u00fdch strojov).<\/li>\n<li style=\"text-align: justify;\">Bakal\u00e1rsky projekt<\/li>\n<li style=\"text-align: justify;\">Bakal\u00e1rska pr\u00e1ca<\/li>\n<\/ul>\n<p style=\"text-align: justify;\"><strong>In\u017einierske \u0161t\u00fadium:<\/strong><\/p>\n<ul>\n<li style=\"text-align: justify;\">Dynamick\u00e9 deje elektrick\u00fdch strojov (merania pre ur\u010denie parametrov elektrick\u00fdch strojov pre zostavenie ich dynamick\u00e9ho modelu, merania dynamick\u00fdch dejov elektrick\u00fdch strojov: rozbeh, brzdenie, zmena r\u00fdchlosti, reverz\u00e1cia).<\/li>\n<li style=\"text-align: justify;\">Diplomov\u00fd projekt 1<\/li>\n<li style=\"text-align: justify;\">Diplomov\u00fd projekt 2<\/li>\n<li style=\"text-align: justify;\">Diplomov\u00e1 pr\u00e1ca<\/li>\n<\/ul>\n","protected":false},"excerpt":{"rendered":"<p>&#8211; je ur\u010den\u00e9 pre v\u00fdu\u010dbu a v\u00fdskumn\u00e9 \u00fa\u010dely v oblasti elektrick\u00fdch strojov. V laborat\u00f3riu sa realizuj\u00fa z\u00e1kladn\u00e9 merania charakterist\u00edk AC a DC elektrick\u00fdch strojov a transform\u00e1torov. Je vybaven\u00e9 dvoma dynamometrami (vysokoot\u00e1\u010dkov\u00fdm dynamometrom Steiger Mohio s vysoko presn\u00fdmi torzn\u00fdmi sn\u00edma\u010dmi momentu a komut\u00e1torov\u00fdm dynamometrom), jednof\u00e1zov\u00fdmi a trojf\u00e1zov\u00fdm v\u00fdkonov\u00fdm analyz\u00e1torom a potrebnou nap\u00e1jacou a meracou technikou (laborat\u00f3rne [&hellip;]<\/p>\n","protected":false},"author":1,"featured_media":0,"parent":0,"menu_order":0,"comment_status":"closed","ping_status":"closed","template":"","meta":{"footnotes":""},"class_list":["post-603","page","type-page","status-publish","hentry"],"_links":{"self":[{"href":"https:\/\/www.kem.website.tuke.sk\/index.php\/wp-json\/wp\/v2\/pages\/603","targetHints":{"allow":["GET"]}}],"collection":[{"href":"https:\/\/www.kem.website.tuke.sk\/index.php\/wp-json\/wp\/v2\/pages"}],"about":[{"href":"https:\/\/www.kem.website.tuke.sk\/index.php\/wp-json\/wp\/v2\/types\/page"}],"author":[{"embeddable":true,"href":"https:\/\/www.kem.website.tuke.sk\/index.php\/wp-json\/wp\/v2\/users\/1"}],"replies":[{"embeddable":true,"href":"https:\/\/www.kem.website.tuke.sk\/index.php\/wp-json\/wp\/v2\/comments?post=603"}],"version-history":[{"count":1,"href":"https:\/\/www.kem.website.tuke.sk\/index.php\/wp-json\/wp\/v2\/pages\/603\/revisions"}],"predecessor-version":[{"id":604,"href":"https:\/\/www.kem.website.tuke.sk\/index.php\/wp-json\/wp\/v2\/pages\/603\/revisions\/604"}],"wp:attachment":[{"href":"https:\/\/www.kem.website.tuke.sk\/index.php\/wp-json\/wp\/v2\/media?parent=603"}],"curies":[{"name":"wp","href":"https:\/\/api.w.org\/{rel}","templated":true}]}}