{"id":606,"date":"2025-12-02T05:07:09","date_gmt":"2025-12-02T05:07:09","guid":{"rendered":"https:\/\/www.kem.website.tuke.sk\/?page_id=606"},"modified":"2025-12-02T05:07:09","modified_gmt":"2025-12-02T05:07:09","slug":"vyskumne-laboratorium","status":"publish","type":"page","link":"https:\/\/www.kem.website.tuke.sk\/index.php\/vyskumne-laboratorium\/","title":{"rendered":"V\u00fdskumn\u00e9 laborat\u00f3rium"},"content":{"rendered":"<p style=\"text-align: justify;\">&#8211; sl\u00fa\u017ei hlavne doktorandom katedry pri vypracov\u00e1van\u00ed ich pr\u00e1c, pre rie\u0161enie v\u00fdskumno-v\u00fdvojov\u00fdch \u00faloh a \u00faloh, rie\u0161en\u00fdch pre priemyseln\u00fa prax.<\/p>\n<p style=\"text-align: justify;\"><strong>Ved\u00faci laborat\u00f3ria<\/strong> &#8211; prof. Ing. Pavol Fedor, PhD.<\/p>\n","protected":false},"excerpt":{"rendered":"<p>&#8211; sl\u00fa\u017ei hlavne doktorandom katedry pri vypracov\u00e1van\u00ed ich pr\u00e1c, pre rie\u0161enie v\u00fdskumno-v\u00fdvojov\u00fdch \u00faloh a \u00faloh, rie\u0161en\u00fdch pre priemyseln\u00fa prax. Ved\u00faci laborat\u00f3ria &#8211; prof. Ing. Pavol Fedor, PhD.<\/p>\n","protected":false},"author":1,"featured_media":0,"parent":0,"menu_order":0,"comment_status":"closed","ping_status":"closed","template":"","meta":{"footnotes":""},"class_list":["post-606","page","type-page","status-publish","hentry"],"_links":{"self":[{"href":"https:\/\/www.kem.website.tuke.sk\/index.php\/wp-json\/wp\/v2\/pages\/606","targetHints":{"allow":["GET"]}}],"collection":[{"href":"https:\/\/www.kem.website.tuke.sk\/index.php\/wp-json\/wp\/v2\/pages"}],"about":[{"href":"https:\/\/www.kem.website.tuke.sk\/index.php\/wp-json\/wp\/v2\/types\/page"}],"author":[{"embeddable":true,"href":"https:\/\/www.kem.website.tuke.sk\/index.php\/wp-json\/wp\/v2\/users\/1"}],"replies":[{"embeddable":true,"href":"https:\/\/www.kem.website.tuke.sk\/index.php\/wp-json\/wp\/v2\/comments?post=606"}],"version-history":[{"count":1,"href":"https:\/\/www.kem.website.tuke.sk\/index.php\/wp-json\/wp\/v2\/pages\/606\/revisions"}],"predecessor-version":[{"id":607,"href":"https:\/\/www.kem.website.tuke.sk\/index.php\/wp-json\/wp\/v2\/pages\/606\/revisions\/607"}],"wp:attachment":[{"href":"https:\/\/www.kem.website.tuke.sk\/index.php\/wp-json\/wp\/v2\/media?parent=606"}],"curies":[{"name":"wp","href":"https:\/\/api.w.org\/{rel}","templated":true}]}}