{"id":612,"date":"2025-12-02T05:14:11","date_gmt":"2025-12-02T05:14:11","guid":{"rendered":"https:\/\/www.kem.website.tuke.sk\/?page_id=612"},"modified":"2026-04-01T12:01:24","modified_gmt":"2026-04-01T12:01:24","slug":"vyrocne-spravy","status":"publish","type":"page","link":"https:\/\/www.kem.website.tuke.sk\/index.php\/vyrocne-spravy\/","title":{"rendered":"V\u00fdro\u010dn\u00e9 spr\u00e1vy"},"content":{"rendered":"<p><strong>Katedra elektrotechniky a mechatroniky<\/strong><\/p>\n<ul>\n<li><span style=\"color: #ff6600;\"><a style=\"color: #ff6600;\" href=\"https:\/\/www.kem.website.tuke.sk\/wp-content\/uploads\/2026\/04\/ar_kem_2025.pdf\" target=\"_blank\" rel=\"noopener\">V\u00fdro\u010dn\u00e1 spr\u00e1va KEM &#8211; 2025<\/a><\/span><\/li>\n<li><span style=\"color: #ff6600;\"><a style=\"color: #ff6600;\" href=\"https:\/\/www.kem.website.tuke.sk\/wp-content\/uploads\/2025\/12\/ar_kem_2024.pdf\" target=\"_blank\" rel=\"noopener\">V\u00fdro\u010dn\u00e1 spr\u00e1va KEM &#8211; 2024<\/a><\/span><\/li>\n<li><span style=\"color: #ff6600;\"><a style=\"color: #ff6600;\" href=\"https:\/\/www.kem.website.tuke.sk\/wp-content\/uploads\/2025\/12\/ar_kem_2023.pdf\" target=\"_blank\" rel=\"noopener\">V\u00fdro\u010dn\u00e1 spr\u00e1va KEM &#8211; 2023<\/a><\/span><\/li>\n<li><span style=\"color: #ff6600;\"><a style=\"color: #ff6600;\" href=\"https:\/\/www.kem.website.tuke.sk\/wp-content\/uploads\/2025\/12\/ar_kem_2022.pdf\" target=\"_blank\" rel=\"noopener\">V\u00fdro\u010dn\u00e1 spr\u00e1va KEM &#8211; 2022<\/a><\/span><\/li>\n<li><span style=\"color: #ff6600;\"><a style=\"color: #ff6600;\" href=\"https:\/\/www.kem.website.tuke.sk\/wp-content\/uploads\/2025\/12\/ar_kem_2021.pdf\" target=\"_blank\" rel=\"noopener\">V\u00fdro\u010dn\u00e1 spr\u00e1va KEM &#8211; 2021<\/a><\/span><\/li>\n<li><span style=\"color: #ff6600;\"><a style=\"color: #ff6600;\" href=\"https:\/\/www.kem.website.tuke.sk\/wp-content\/uploads\/2025\/12\/ar_kem_2020.pdf\" target=\"_blank\" rel=\"noopener\">V\u00fdro\u010dn\u00e1 spr\u00e1va KEM &#8211; 2020<\/a><\/span><\/li>\n<li><span style=\"color: #ff6600;\"><a style=\"color: #ff6600;\" href=\"https:\/\/www.kem.website.tuke.sk\/wp-content\/uploads\/2025\/12\/ar_kem_2019.pdf\" target=\"_blank\" rel=\"noopener\">V\u00fdro\u010dn\u00e1 spr\u00e1va KEM &#8211; 2019<\/a><\/span><\/li>\n<li><span style=\"color: #ff6600;\"><a style=\"color: #ff6600;\" href=\"https:\/\/www.kem.website.tuke.sk\/wp-content\/uploads\/2025\/12\/ar_kem_2018.pdf\" target=\"_blank\" rel=\"noopener\">V\u00fdro\u010dn\u00e1 spr\u00e1va KEM &#8211; 2018<\/a><\/span><\/li>\n<li><span style=\"color: #ff6600;\"><a style=\"color: #ff6600;\" href=\"https:\/\/www.kem.website.tuke.sk\/wp-content\/uploads\/2025\/12\/ar_kem_2017.pdf\" target=\"_blank\" rel=\"noopener\">V\u00fdro\u010dn\u00e1 spr\u00e1va KEM &#8211; 2017<\/a><\/span><\/li>\n<li><span style=\"color: #ff6600;\"><a style=\"color: #ff6600;\" href=\"https:\/\/www.kem.website.tuke.sk\/wp-content\/uploads\/2025\/12\/ar_kem_2016.pdf\" target=\"_blank\" rel=\"noopener\">V\u00fdro\u010dn\u00e1 spr\u00e1va KEM &#8211; 2016<\/a><\/span><\/li>\n<li><span style=\"color: #ff6600;\"><a style=\"color: #ff6600;\" href=\"https:\/\/www.kem.website.tuke.sk\/wp-content\/uploads\/2025\/12\/ar_kem_2015.pdf\" target=\"_blank\" rel=\"noopener\">V\u00fdro\u010dn\u00e1 spr\u00e1va KEM &#8211; 2015<\/a><\/span><\/li>\n<li><span style=\"color: #ff6600;\"><a style=\"color: #ff6600;\" href=\"https:\/\/www.kem.website.tuke.sk\/wp-content\/uploads\/2025\/12\/ar_kem_2014.pdf\" target=\"_blank\" rel=\"noopener\">V\u00fdro\u010dn\u00e1 spr\u00e1va KEM &#8211; 2014<\/a><\/span><\/li>\n<li><span style=\"color: #ff6600;\"><a style=\"color: #ff6600;\" href=\"https:\/\/www.kem.website.tuke.sk\/wp-content\/uploads\/2025\/12\/ar_kem_2013.pdf\" target=\"_blank\" rel=\"noopener\">V\u00fdro\u010dn\u00e1 spr\u00e1va KEM &#8211; 2013<\/a><\/span><\/li>\n<li><span style=\"color: #ff6600;\"><a style=\"color: #ff6600;\" href=\"https:\/\/www.kem.website.tuke.sk\/wp-content\/uploads\/2025\/12\/ar_kem_2012.pdf\" target=\"_blank\" rel=\"noopener\">V\u00fdro\u010dn\u00e1 spr\u00e1va KEM &#8211; 2012<\/a><\/span><\/li>\n<li><span style=\"color: #ff6600;\"><a style=\"color: #ff6600;\" href=\"https:\/\/www.kem.website.tuke.sk\/wp-content\/uploads\/2025\/12\/ar_kem_2011.pdf\" target=\"_blank\" rel=\"noopener\">V\u00fdro\u010dn\u00e1 spr\u00e1va KEM &#8211; 2011<\/a><\/span><\/li>\n<li><span style=\"color: #ff6600;\"><a style=\"color: #ff6600;\" href=\"https:\/\/www.kem.website.tuke.sk\/wp-content\/uploads\/2025\/12\/ar_kem_2010.pdf\" target=\"_blank\" rel=\"noopener\">V\u00fdro\u010dn\u00e1 spr\u00e1va KEM &#8211; 2010<\/a><\/span><\/li>\n<\/ul>\n<p><strong>Katedra elektrotechniky, mechatroniky a priemyseln\u00e9ho in\u017einierstva<\/strong><\/p>\n<ul>\n<li><span style=\"color: #ff6600;\"><a style=\"color: #ff6600;\" href=\"https:\/\/www.kem.website.tuke.sk\/wp-content\/uploads\/2025\/12\/ar_kempi_2009.pdf\" target=\"_blank\" rel=\"noopener\">V\u00fdro\u010dn\u00e1 spr\u00e1va KEMPI &#8211; 2009<\/a><\/span><\/li>\n<li><span style=\"color: #ff6600;\"><a style=\"color: #ff6600;\" href=\"https:\/\/www.kem.website.tuke.sk\/wp-content\/uploads\/2025\/12\/ar_kempi_2008.pdf\" target=\"_blank\" rel=\"noopener\">V\u00fdro\u010dn\u00e1 spr\u00e1va KEMPI &#8211; 2008<\/a><\/span><\/li>\n<li><span style=\"color: #ff6600;\"><a style=\"color: #ff6600;\" href=\"https:\/\/www.kem.website.tuke.sk\/wp-content\/uploads\/2025\/12\/ar_kempi_2007.pdf\" target=\"_blank\" rel=\"noopener\">V\u00fdro\u010dn\u00e1 spr\u00e1va KEMPI &#8211; 2007<\/a><\/span><\/li>\n<li><span style=\"color: #ff6600;\"><a style=\"color: #ff6600;\" href=\"https:\/\/www.kem.website.tuke.sk\/wp-content\/uploads\/2025\/12\/ar_kempi_2006.pdf\" target=\"_blank\" rel=\"noopener\">V\u00fdro\u010dn\u00e1 spr\u00e1va KEMPI &#8211; 2006<\/a><\/span><\/li>\n<li><span style=\"color: #ff6600;\"><a style=\"color: #ff6600;\" href=\"https:\/\/www.kem.website.tuke.sk\/wp-content\/uploads\/2025\/12\/ar_kempi_2005.pdf\" target=\"_blank\" rel=\"noopener\">V\u00fdro\u010dn\u00e1 spr\u00e1va KEMPI &#8211; 2005<\/a><\/span><\/li>\n<\/ul>\n<p><strong>Katedra elektrick\u00fdch pohonov a mechatroniky\u00a0 \u00a0|\u00a0 \u00a0Laborat\u00f3rium priemyseln\u00e9ho in\u017einierstva<\/strong><\/p>\n<ul>\n<li><span style=\"color: #ff6600;\"><a style=\"color: #ff6600;\" href=\"https:\/\/www.kem.website.tuke.sk\/wp-content\/uploads\/2025\/12\/ar_kepm_2004.pdf\" target=\"_blank\" rel=\"noopener\">V\u00fdro\u010dn\u00e1 spr\u00e1va KEPM &#8211; 2004<\/a><\/span>\u00a0 \u00a0|\u00a0 \u00a0<span style=\"color: #ff6600;\"><a style=\"color: #ff6600;\" href=\"https:\/\/www.kem.website.tuke.sk\/wp-content\/uploads\/2025\/12\/ar_lpi_2004.pdf\" target=\"_blank\" rel=\"noopener\">V\u00fdro\u010dn\u00e1 spr\u00e1va LPI &#8211; 2004<\/a><\/span><\/li>\n<li><span style=\"color: #ff6600;\"><a style=\"color: #ff6600;\" href=\"https:\/\/www.kem.website.tuke.sk\/wp-content\/uploads\/2025\/12\/ar_kepm_2003.pdf\" target=\"_blank\" rel=\"noopener\">V\u00fdro\u010dn\u00e1 spr\u00e1va KEPM &#8211; 2003<\/a><\/span>\u00a0 \u00a0|\u00a0 \u00a0<span style=\"color: #ff6600;\"><a style=\"color: #ff6600;\" href=\"https:\/\/www.kem.website.tuke.sk\/wp-content\/uploads\/2025\/12\/ar_lpi_2003.pdf\" target=\"_blank\" rel=\"noopener\">V\u00fdro\u010dn\u00e1 spr\u00e1va LPI &#8211; 2003<\/a><\/span><\/li>\n<li><span style=\"color: #ff6600;\"><a style=\"color: #ff6600;\" href=\"https:\/\/www.kem.website.tuke.sk\/wp-content\/uploads\/2025\/12\/ar_kepm_2002.pdf\" target=\"_blank\" rel=\"noopener\">V\u00fdro\u010dn\u00e1 spr\u00e1va KEPM &#8211; 2002<\/a><\/span>\u00a0 \u00a0|\u00a0 \u00a0<span style=\"color: #ff6600;\"><a style=\"color: #ff6600;\" href=\"https:\/\/www.kem.website.tuke.sk\/wp-content\/uploads\/2025\/12\/ar_lpi_2002.pdf\" target=\"_blank\" rel=\"noopener\">V\u00fdro\u010dn\u00e1 spr\u00e1va LPI &#8211; 2002<\/a><\/span><\/li>\n<li><span style=\"color: #ff6600;\"><a style=\"color: #ff6600;\" href=\"https:\/\/www.kem.website.tuke.sk\/wp-content\/uploads\/2025\/12\/ar_kepm_2001.pdf\" target=\"_blank\" rel=\"noopener\">V\u00fdro\u010dn\u00e1 spr\u00e1va KEPM &#8211; 2001<\/a><\/span>\u00a0 \u00a0|\u00a0 \u00a0<span style=\"color: #ff6600;\"><a style=\"color: #ff6600;\" href=\"https:\/\/www.kem.website.tuke.sk\/wp-content\/uploads\/2025\/12\/ar_lpi_2001.pdf\" target=\"_blank\" rel=\"noopener\">V\u00fdro\u010dn\u00e1 spr\u00e1va LPI &#8211; 2001<\/a><\/span><\/li>\n<li><span style=\"color: #ff6600;\"><a style=\"color: #ff6600;\" href=\"https:\/\/www.kem.website.tuke.sk\/wp-content\/uploads\/2025\/12\/ar_kepm_2000.pdf\" target=\"_blank\" rel=\"noopener\">V\u00fdro\u010dn\u00e1 spr\u00e1va KEPM &#8211; 2000<\/a><\/span>\u00a0 \u00a0|\u00a0 \u00a0<span style=\"color: #ff6600;\"><a style=\"color: #ff6600;\" href=\"https:\/\/www.kem.website.tuke.sk\/wp-content\/uploads\/2025\/12\/ar_lpi_2000.pdf\" target=\"_blank\" rel=\"noopener\">V\u00fdro\u010dn\u00e1 spr\u00e1va LPI &#8211; 2000<\/a><\/span><\/li>\n<li><span style=\"color: #ff6600;\"><a style=\"color: #ff6600;\" href=\"https:\/\/www.kem.website.tuke.sk\/wp-content\/uploads\/2025\/12\/ar_kepm_1999.pdf\" target=\"_blank\" rel=\"noopener\">V\u00fdro\u010dn\u00e1 spr\u00e1va KEPM &#8211; 1999<\/a><\/span><\/li>\n<\/ul>\n<p><strong>Katedra elektrick\u00fdch pohonov<\/strong><\/p>\n<ul>\n<li><span style=\"color: #ff6600;\"><a style=\"color: #ff6600;\" href=\"https:\/\/www.kem.website.tuke.sk\/wp-content\/uploads\/2025\/12\/ar_kep_1998.pdf\" target=\"_blank\" rel=\"noopener\">V\u00fdro\u010dn\u00e1 spr\u00e1va KEP &#8211; 1998<\/a><\/span><\/li>\n<li><span style=\"color: #ff6600;\"><a style=\"color: #ff6600;\" href=\"https:\/\/www.kem.website.tuke.sk\/wp-content\/uploads\/2025\/12\/ar_kep_1997.pdf\" target=\"_blank\" rel=\"noopener\">V\u00fdro\u010dn\u00e1 spr\u00e1va KEP &#8211; 1997<\/a><\/span><\/li>\n<li><span style=\"color: #ff6600;\"><a style=\"color: #ff6600;\" href=\"https:\/\/www.kem.website.tuke.sk\/wp-content\/uploads\/2025\/12\/ar_kep_1996.pdf\" target=\"_blank\" rel=\"noopener\">V\u00fdro\u010dn\u00e1 spr\u00e1va KEP &#8211; 1996<\/a><\/span><\/li>\n<li><span style=\"color: #ff6600;\"><a style=\"color: #ff6600;\" href=\"https:\/\/www.kem.website.tuke.sk\/wp-content\/uploads\/2025\/12\/ar_kep_1995.pdf\" target=\"_blank\" rel=\"noopener\">V\u00fdro\u010dn\u00e1 spr\u00e1va KEP &#8211; 1995<\/a><\/span><\/li>\n<li><span style=\"color: #ff6600;\"><a style=\"color: #ff6600;\" href=\"https:\/\/www.kem.website.tuke.sk\/wp-content\/uploads\/2025\/12\/ar_kep_1994.pdf\" target=\"_blank\" rel=\"noopener\">V\u00fdro\u010dn\u00e1 spr\u00e1va KEP &#8211; 1994<\/a><\/span><\/li>\n<li><span style=\"color: #ff6600;\"><a style=\"color: #ff6600;\" href=\"https:\/\/www.kem.website.tuke.sk\/wp-content\/uploads\/2025\/12\/ar_kep_1993.pdf\" target=\"_blank\" rel=\"noopener\">V\u00fdro\u010dn\u00e1 spr\u00e1va KEP &#8211; 1993<\/a><\/span><\/li>\n<li><span style=\"color: #ff6600;\"><a style=\"color: #ff6600;\" href=\"https:\/\/www.kem.website.tuke.sk\/wp-content\/uploads\/2025\/12\/ar_kep_1992.pdf\" target=\"_blank\" rel=\"noopener\">V\u00fdro\u010dn\u00e1 spr\u00e1va KEP &#8211; 1992<\/a><\/span><\/li>\n<li><span style=\"color: #ff6600;\"><a style=\"color: #ff6600;\" href=\"https:\/\/www.kem.website.tuke.sk\/wp-content\/uploads\/2025\/12\/ar_kep_1991.pdf\" target=\"_blank\" rel=\"noopener\">V\u00fdro\u010dn\u00e1 spr\u00e1va KEP &#8211; 1991<\/a><\/span><\/li>\n<li><span style=\"color: #ff6600;\"><a style=\"color: #ff6600;\" href=\"https:\/\/www.kem.website.tuke.sk\/wp-content\/uploads\/2025\/12\/ar_kep_1990.pdf\" target=\"_blank\" rel=\"noopener\">V\u00fdro\u010dn\u00e1 spr\u00e1va KEP &#8211; 1990<\/a><\/span><\/li>\n<\/ul>\n","protected":false},"excerpt":{"rendered":"<p>Katedra elektrotechniky a mechatroniky V\u00fdro\u010dn\u00e1 spr\u00e1va KEM &#8211; 2025 V\u00fdro\u010dn\u00e1 spr\u00e1va KEM &#8211; 2024 V\u00fdro\u010dn\u00e1 spr\u00e1va KEM &#8211; 2023 V\u00fdro\u010dn\u00e1 spr\u00e1va KEM &#8211; 2022 V\u00fdro\u010dn\u00e1 spr\u00e1va KEM &#8211; 2021 V\u00fdro\u010dn\u00e1 spr\u00e1va KEM &#8211; 2020 V\u00fdro\u010dn\u00e1 spr\u00e1va KEM &#8211; 2019 V\u00fdro\u010dn\u00e1 spr\u00e1va KEM &#8211; 2018 V\u00fdro\u010dn\u00e1 spr\u00e1va KEM &#8211; 2017 V\u00fdro\u010dn\u00e1 spr\u00e1va KEM &#8211; 2016 V\u00fdro\u010dn\u00e1 [&hellip;]<\/p>\n","protected":false},"author":1,"featured_media":0,"parent":0,"menu_order":0,"comment_status":"closed","ping_status":"closed","template":"","meta":{"footnotes":""},"class_list":["post-612","page","type-page","status-publish","hentry"],"_links":{"self":[{"href":"https:\/\/www.kem.website.tuke.sk\/index.php\/wp-json\/wp\/v2\/pages\/612","targetHints":{"allow":["GET"]}}],"collection":[{"href":"https:\/\/www.kem.website.tuke.sk\/index.php\/wp-json\/wp\/v2\/pages"}],"about":[{"href":"https:\/\/www.kem.website.tuke.sk\/index.php\/wp-json\/wp\/v2\/types\/page"}],"author":[{"embeddable":true,"href":"https:\/\/www.kem.website.tuke.sk\/index.php\/wp-json\/wp\/v2\/users\/1"}],"replies":[{"embeddable":true,"href":"https:\/\/www.kem.website.tuke.sk\/index.php\/wp-json\/wp\/v2\/comments?post=612"}],"version-history":[{"count":26,"href":"https:\/\/www.kem.website.tuke.sk\/index.php\/wp-json\/wp\/v2\/pages\/612\/revisions"}],"predecessor-version":[{"id":753,"href":"https:\/\/www.kem.website.tuke.sk\/index.php\/wp-json\/wp\/v2\/pages\/612\/revisions\/753"}],"wp:attachment":[{"href":"https:\/\/www.kem.website.tuke.sk\/index.php\/wp-json\/wp\/v2\/media?parent=612"}],"curies":[{"name":"wp","href":"https:\/\/api.w.org\/{rel}","templated":true}]}}